{"id":9917,"date":"2025-05-29T16:47:59","date_gmt":"2025-05-29T13:47:59","guid":{"rendered":"https:\/\/weldtrade.lv\/product\/vara-stieple-1-6mm-15kg-torros-er50-6-art-301t161501-kina\/"},"modified":"2026-04-17T12:15:28","modified_gmt":"2026-04-17T09:15:28","slug":"vara-stieple-1-6mm-15kg-torros-er50-6-art-301t161501-kina","status":"publish","type":"product","link":"https:\/\/weldtrade.lv\/ru\/product\/vara-stieple-1-6mm-15kg-torros-er50-6-art-301t161501-kina\/","title":{"rendered":"Vara stieple 1.6mm\/15kg TORROS ER50-6 Art.301T161501 (\u0136\u012bna)"},"content":{"rendered":"<p>Metin\u0101\u0161anas stieple ER50-6 (viet\u0113jais analogs SV08GS) ir paredz\u0113ta mazoglek\u013ca un mazle\u0123\u0113to t\u0113raudu pusautom\u0101tiskai elektriska loka metin\u0101\u0161anai aizsargg\u0101z\u0113s (oglek\u013ca dioks\u012bds vai argona un oglek\u013ca dioks\u012bda mais\u012bjums). T\u0101 ir t\u0113rauda stieple ar vienlaidu \u0161\u0137\u0113rsgriezumu bez serdes, le\u0123\u0113ta ar mang\u0101nu un sil\u012bciju. <\/p>\n<p>Lai pasarg\u0101tu no oksid\u0113\u0161an\u0101s glab\u0101\u0161anas laik\u0101 un nodro\u0161in\u0101tu lab\u0101ku elektrisko kontaktu ar metin\u0101\u0161anas deg\u013ca sl\u012bdo\u0161o galu, metin\u0101\u0161anas deglis ir p\u0101rkl\u0101ts ar t<\/p>\n","protected":false},"excerpt":{"rendered":"<p>Metin\u0101\u0161anas stieple ER50-6 (viet\u0113jais analogs SV08GS) ir paredz\u0113ta mazoglek\u013ca un mazle\u0123\u0113to t\u0113raudu pusautom\u0101tiskai elektriska loka metin\u0101\u0161anai aizsargg\u0101z\u0113s (oglek\u013ca dioks\u012bds vai argona un oglek\u013ca dioks\u012bda mais\u012bjums). T\u0101 ir t\u0113rauda stieple ar vienlaidu \u0161\u0137\u0113rsgriezumu bez serdes, le\u0123\u0113ta ar mang\u0101nu un sil\u012bciju. Lai pasarg\u0101tu no oksid\u0113\u0161an\u0101s glab\u0101\u0161anas laik\u0101 un nodro\u0161in\u0101tu lab\u0101ku elektrisko kontaktu ar metin\u0101\u0161anas deg\u013ca sl\u012bdo\u0161o galu, [&hellip;]<\/p>\n","protected":false},"featured_media":8645,"comment_status":"open","ping_status":"closed","template":"","meta":{"_acf_changed":false},"product_brand":[],"product_cat":[3065],"product_tag":[],"class_list":{"0":"post-9917","1":"product","2":"type-product","3":"status-publish","4":"has-post-thumbnail","6":"product_cat-svarochnye-maski-hameleon","8":"first","9":"outofstock","10":"shipping-taxable","11":"product-type-simple"},"acf":[],"yoast_head":"<!-- This site is optimized with the Yoast SEO plugin v27.4 - https:\/\/yoast.com\/product\/yoast-seo-wordpress\/ -->\n<title>Vara stieple 1.6mm\/15kg TORROS ER50-6 Art.301T161501 (\u0136\u012bna) | Weldtrade.lv - metin\u0101\u0161anas iek\u0101rtas | TORROS<\/title>\n<meta name=\"robots\" content=\"index, follow, max-snippet:-1, max-image-preview:large, max-video-preview:-1\" \/>\n<link rel=\"canonical\" href=\"https:\/\/weldtrade.lv\/product\/vara-stieple-1-6mm-15kg-torros-er50-6-art-301t161501-kina\/\" \/>\n<meta property=\"og:locale\" content=\"ru_RU\" \/>\n<meta property=\"og:type\" content=\"article\" \/>\n<meta property=\"og:title\" content=\"Vara stieple 1.6mm\/15kg TORROS ER50-6 Art.301T161501 (\u0136\u012bna) | Weldtrade.lv - metin\u0101\u0161anas iek\u0101rtas | TORROS\" \/>\n<meta property=\"og:description\" content=\"Metin\u0101\u0161anas stieple ER50-6 (viet\u0113jais analogs SV08GS) ir paredz\u0113ta mazoglek\u013ca un mazle\u0123\u0113to t\u0113raudu pusautom\u0101tiskai elektriska loka metin\u0101\u0161anai aizsargg\u0101z\u0113s (oglek\u013ca dioks\u012bds vai argona un oglek\u013ca dioks\u012bda mais\u012bjums). T\u0101 ir t\u0113rauda stieple ar vienlaidu \u0161\u0137\u0113rsgriezumu bez serdes, le\u0123\u0113ta ar mang\u0101nu un sil\u012bciju. Lai pasarg\u0101tu no oksid\u0113\u0161an\u0101s glab\u0101\u0161anas laik\u0101 un nodro\u0161in\u0101tu lab\u0101ku elektrisko kontaktu ar metin\u0101\u0161anas deg\u013ca sl\u012bdo\u0161o galu, [&hellip;]\" \/>\n<meta property=\"og:url\" content=\"https:\/\/weldtrade.lv\/product\/vara-stieple-1-6mm-15kg-torros-er50-6-art-301t161501-kina\/\" \/>\n<meta property=\"og:site_name\" content=\"Weldtrade.lv - metin\u0101\u0161anas iek\u0101rtas | TORROS\" \/>\n<meta property=\"article:modified_time\" content=\"2026-04-17T09:15:28+00:00\" \/>\n<meta property=\"og:image\" content=\"https:\/\/weldtrade.lv\/wp-content\/uploads\/2025\/05\/d4f60ea52a9811e3ae38001e670c1afc_0a5b6936c1b611ee81020cc47a1468f3.jpg\" \/>\n\t<meta property=\"og:image:width\" content=\"1000\" \/>\n\t<meta property=\"og:image:height\" content=\"1000\" \/>\n\t<meta property=\"og:image:type\" content=\"image\/jpeg\" \/>\n<meta name=\"twitter:card\" content=\"summary_large_image\" \/>\n<script type=\"application\/ld+json\" class=\"yoast-schema-graph\">{\"@context\":\"https:\\\/\\\/schema.org\",\"@graph\":[{\"@type\":\"WebPage\",\"@id\":\"https:\\\/\\\/weldtrade.lv\\\/product\\\/vara-stieple-1-6mm-15kg-torros-er50-6-art-301t161501-kina\\\/\",\"url\":\"https:\\\/\\\/weldtrade.lv\\\/product\\\/vara-stieple-1-6mm-15kg-torros-er50-6-art-301t161501-kina\\\/\",\"name\":\"Vara stieple 1.6mm\\\/15kg TORROS ER50-6 Art.301T161501 (\u0136\u012bna) | Weldtrade.lv - metin\u0101\u0161anas iek\u0101rtas | TORROS\",\"isPartOf\":{\"@id\":\"https:\\\/\\\/weldtrade.lv\\\/#website\"},\"primaryImageOfPage\":{\"@id\":\"https:\\\/\\\/weldtrade.lv\\\/product\\\/vara-stieple-1-6mm-15kg-torros-er50-6-art-301t161501-kina\\\/#primaryimage\"},\"image\":{\"@id\":\"https:\\\/\\\/weldtrade.lv\\\/product\\\/vara-stieple-1-6mm-15kg-torros-er50-6-art-301t161501-kina\\\/#primaryimage\"},\"thumbnailUrl\":\"https:\\\/\\\/weldtrade.lv\\\/wp-content\\\/uploads\\\/2025\\\/05\\\/d4f60ea52a9811e3ae38001e670c1afc_0a5b6936c1b611ee81020cc47a1468f3.jpg\",\"datePublished\":\"2025-05-29T13:47:59+00:00\",\"dateModified\":\"2026-04-17T09:15:28+00:00\",\"breadcrumb\":{\"@id\":\"https:\\\/\\\/weldtrade.lv\\\/product\\\/vara-stieple-1-6mm-15kg-torros-er50-6-art-301t161501-kina\\\/#breadcrumb\"},\"inLanguage\":\"ru-RU\",\"potentialAction\":[{\"@type\":\"ReadAction\",\"target\":[\"https:\\\/\\\/weldtrade.lv\\\/product\\\/vara-stieple-1-6mm-15kg-torros-er50-6-art-301t161501-kina\\\/\"]}]},{\"@type\":\"ImageObject\",\"inLanguage\":\"ru-RU\",\"@id\":\"https:\\\/\\\/weldtrade.lv\\\/product\\\/vara-stieple-1-6mm-15kg-torros-er50-6-art-301t161501-kina\\\/#primaryimage\",\"url\":\"https:\\\/\\\/weldtrade.lv\\\/wp-content\\\/uploads\\\/2025\\\/05\\\/d4f60ea52a9811e3ae38001e670c1afc_0a5b6936c1b611ee81020cc47a1468f3.jpg\",\"contentUrl\":\"https:\\\/\\\/weldtrade.lv\\\/wp-content\\\/uploads\\\/2025\\\/05\\\/d4f60ea52a9811e3ae38001e670c1afc_0a5b6936c1b611ee81020cc47a1468f3.jpg\",\"width\":1000,\"height\":1000},{\"@type\":\"BreadcrumbList\",\"@id\":\"https:\\\/\\\/weldtrade.lv\\\/product\\\/vara-stieple-1-6mm-15kg-torros-er50-6-art-301t161501-kina\\\/#breadcrumb\",\"itemListElement\":[{\"@type\":\"ListItem\",\"position\":1,\"name\":\"\u0413\u043b\u0430\u0432\u043d\u0430\u044f\",\"item\":\"https:\\\/\\\/weldtrade.lv\\\/\"},{\"@type\":\"ListItem\",\"position\":2,\"name\":\"\u041a\u0430\u0442\u0430\u043b\u043e\u0433\",\"item\":\"https:\\\/\\\/weldtrade.lv\\\/shop\\\/\"},{\"@type\":\"ListItem\",\"position\":3,\"name\":\"MIG vara p\u0101rkl\u0101juma stieple\",\"item\":\"https:\\\/\\\/weldtrade.lv\\\/lv\\\/mig-vara-parklajuma-stieple\\\/\"},{\"@type\":\"ListItem\",\"position\":4,\"name\":\"Vara stieple 1.6mm\\\/15kg TORROS ER50-6 Art.301T161501 (\u0136\u012bna)\"}]},{\"@type\":\"WebSite\",\"@id\":\"https:\\\/\\\/weldtrade.lv\\\/#website\",\"url\":\"https:\\\/\\\/weldtrade.lv\\\/\",\"name\":\"Weldtrade.lv - metin\u0101\u0161anas iek\u0101rtas | TORROS\",\"description\":\"\",\"publisher\":{\"@id\":\"https:\\\/\\\/weldtrade.lv\\\/#organization\"},\"potentialAction\":[{\"@type\":\"SearchAction\",\"target\":{\"@type\":\"EntryPoint\",\"urlTemplate\":\"https:\\\/\\\/weldtrade.lv\\\/?s={search_term_string}\"},\"query-input\":{\"@type\":\"PropertyValueSpecification\",\"valueRequired\":true,\"valueName\":\"search_term_string\"}}],\"inLanguage\":\"ru-RU\"},{\"@type\":\"Organization\",\"@id\":\"https:\\\/\\\/weldtrade.lv\\\/#organization\",\"name\":\"Weldtrade.lv - metin\u0101\u0161anas iek\u0101rtas | TORROS\",\"url\":\"https:\\\/\\\/weldtrade.lv\\\/\",\"logo\":{\"@type\":\"ImageObject\",\"inLanguage\":\"ru-RU\",\"@id\":\"https:\\\/\\\/weldtrade.lv\\\/#\\\/schema\\\/logo\\\/image\\\/\",\"url\":\"https:\\\/\\\/weldtrade.lv\\\/wp-content\\\/uploads\\\/2025\\\/01\\\/wt_logo.webp\",\"contentUrl\":\"https:\\\/\\\/weldtrade.lv\\\/wp-content\\\/uploads\\\/2025\\\/01\\\/wt_logo.webp\",\"width\":1804,\"height\":360,\"caption\":\"Weldtrade.lv - metin\u0101\u0161anas iek\u0101rtas | TORROS\"},\"image\":{\"@id\":\"https:\\\/\\\/weldtrade.lv\\\/#\\\/schema\\\/logo\\\/image\\\/\"}}]}<\/script>\n<!-- \/ Yoast SEO plugin. -->","yoast_head_json":{"title":"Vara stieple 1.6mm\/15kg TORROS ER50-6 Art.301T161501 (\u0136\u012bna) | Weldtrade.lv - metin\u0101\u0161anas iek\u0101rtas | TORROS","robots":{"index":"index","follow":"follow","max-snippet":"max-snippet:-1","max-image-preview":"max-image-preview:large","max-video-preview":"max-video-preview:-1"},"canonical":"https:\/\/weldtrade.lv\/product\/vara-stieple-1-6mm-15kg-torros-er50-6-art-301t161501-kina\/","og_locale":"ru_RU","og_type":"article","og_title":"Vara stieple 1.6mm\/15kg TORROS ER50-6 Art.301T161501 (\u0136\u012bna) | Weldtrade.lv - metin\u0101\u0161anas iek\u0101rtas | TORROS","og_description":"Metin\u0101\u0161anas stieple ER50-6 (viet\u0113jais analogs SV08GS) ir paredz\u0113ta mazoglek\u013ca un mazle\u0123\u0113to t\u0113raudu pusautom\u0101tiskai elektriska loka metin\u0101\u0161anai aizsargg\u0101z\u0113s (oglek\u013ca dioks\u012bds vai argona un oglek\u013ca dioks\u012bda mais\u012bjums). T\u0101 ir t\u0113rauda stieple ar vienlaidu \u0161\u0137\u0113rsgriezumu bez serdes, le\u0123\u0113ta ar mang\u0101nu un sil\u012bciju. Lai pasarg\u0101tu no oksid\u0113\u0161an\u0101s glab\u0101\u0161anas laik\u0101 un nodro\u0161in\u0101tu lab\u0101ku elektrisko kontaktu ar metin\u0101\u0161anas deg\u013ca sl\u012bdo\u0161o galu, [&hellip;]","og_url":"https:\/\/weldtrade.lv\/product\/vara-stieple-1-6mm-15kg-torros-er50-6-art-301t161501-kina\/","og_site_name":"Weldtrade.lv - metin\u0101\u0161anas iek\u0101rtas | TORROS","article_modified_time":"2026-04-17T09:15:28+00:00","og_image":[{"width":1000,"height":1000,"url":"https:\/\/weldtrade.lv\/wp-content\/uploads\/2025\/05\/d4f60ea52a9811e3ae38001e670c1afc_0a5b6936c1b611ee81020cc47a1468f3.jpg","type":"image\/jpeg"}],"twitter_card":"summary_large_image","schema":{"@context":"https:\/\/schema.org","@graph":[{"@type":"WebPage","@id":"https:\/\/weldtrade.lv\/product\/vara-stieple-1-6mm-15kg-torros-er50-6-art-301t161501-kina\/","url":"https:\/\/weldtrade.lv\/product\/vara-stieple-1-6mm-15kg-torros-er50-6-art-301t161501-kina\/","name":"Vara stieple 1.6mm\/15kg TORROS ER50-6 Art.301T161501 (\u0136\u012bna) | Weldtrade.lv - metin\u0101\u0161anas iek\u0101rtas | TORROS","isPartOf":{"@id":"https:\/\/weldtrade.lv\/#website"},"primaryImageOfPage":{"@id":"https:\/\/weldtrade.lv\/product\/vara-stieple-1-6mm-15kg-torros-er50-6-art-301t161501-kina\/#primaryimage"},"image":{"@id":"https:\/\/weldtrade.lv\/product\/vara-stieple-1-6mm-15kg-torros-er50-6-art-301t161501-kina\/#primaryimage"},"thumbnailUrl":"https:\/\/weldtrade.lv\/wp-content\/uploads\/2025\/05\/d4f60ea52a9811e3ae38001e670c1afc_0a5b6936c1b611ee81020cc47a1468f3.jpg","datePublished":"2025-05-29T13:47:59+00:00","dateModified":"2026-04-17T09:15:28+00:00","breadcrumb":{"@id":"https:\/\/weldtrade.lv\/product\/vara-stieple-1-6mm-15kg-torros-er50-6-art-301t161501-kina\/#breadcrumb"},"inLanguage":"ru-RU","potentialAction":[{"@type":"ReadAction","target":["https:\/\/weldtrade.lv\/product\/vara-stieple-1-6mm-15kg-torros-er50-6-art-301t161501-kina\/"]}]},{"@type":"ImageObject","inLanguage":"ru-RU","@id":"https:\/\/weldtrade.lv\/product\/vara-stieple-1-6mm-15kg-torros-er50-6-art-301t161501-kina\/#primaryimage","url":"https:\/\/weldtrade.lv\/wp-content\/uploads\/2025\/05\/d4f60ea52a9811e3ae38001e670c1afc_0a5b6936c1b611ee81020cc47a1468f3.jpg","contentUrl":"https:\/\/weldtrade.lv\/wp-content\/uploads\/2025\/05\/d4f60ea52a9811e3ae38001e670c1afc_0a5b6936c1b611ee81020cc47a1468f3.jpg","width":1000,"height":1000},{"@type":"BreadcrumbList","@id":"https:\/\/weldtrade.lv\/product\/vara-stieple-1-6mm-15kg-torros-er50-6-art-301t161501-kina\/#breadcrumb","itemListElement":[{"@type":"ListItem","position":1,"name":"\u0413\u043b\u0430\u0432\u043d\u0430\u044f","item":"https:\/\/weldtrade.lv\/"},{"@type":"ListItem","position":2,"name":"\u041a\u0430\u0442\u0430\u043b\u043e\u0433","item":"https:\/\/weldtrade.lv\/shop\/"},{"@type":"ListItem","position":3,"name":"MIG vara p\u0101rkl\u0101juma stieple","item":"https:\/\/weldtrade.lv\/lv\/mig-vara-parklajuma-stieple\/"},{"@type":"ListItem","position":4,"name":"Vara stieple 1.6mm\/15kg TORROS ER50-6 Art.301T161501 (\u0136\u012bna)"}]},{"@type":"WebSite","@id":"https:\/\/weldtrade.lv\/#website","url":"https:\/\/weldtrade.lv\/","name":"Weldtrade.lv - metin\u0101\u0161anas iek\u0101rtas | TORROS","description":"","publisher":{"@id":"https:\/\/weldtrade.lv\/#organization"},"potentialAction":[{"@type":"SearchAction","target":{"@type":"EntryPoint","urlTemplate":"https:\/\/weldtrade.lv\/?s={search_term_string}"},"query-input":{"@type":"PropertyValueSpecification","valueRequired":true,"valueName":"search_term_string"}}],"inLanguage":"ru-RU"},{"@type":"Organization","@id":"https:\/\/weldtrade.lv\/#organization","name":"Weldtrade.lv - metin\u0101\u0161anas iek\u0101rtas | TORROS","url":"https:\/\/weldtrade.lv\/","logo":{"@type":"ImageObject","inLanguage":"ru-RU","@id":"https:\/\/weldtrade.lv\/#\/schema\/logo\/image\/","url":"https:\/\/weldtrade.lv\/wp-content\/uploads\/2025\/01\/wt_logo.webp","contentUrl":"https:\/\/weldtrade.lv\/wp-content\/uploads\/2025\/01\/wt_logo.webp","width":1804,"height":360,"caption":"Weldtrade.lv - metin\u0101\u0161anas iek\u0101rtas | TORROS"},"image":{"@id":"https:\/\/weldtrade.lv\/#\/schema\/logo\/image\/"}}]}},"_links":{"self":[{"href":"https:\/\/weldtrade.lv\/ru\/wp-json\/wp\/v2\/product\/9917","targetHints":{"allow":["GET"]}}],"collection":[{"href":"https:\/\/weldtrade.lv\/ru\/wp-json\/wp\/v2\/product"}],"about":[{"href":"https:\/\/weldtrade.lv\/ru\/wp-json\/wp\/v2\/types\/product"}],"replies":[{"embeddable":true,"href":"https:\/\/weldtrade.lv\/ru\/wp-json\/wp\/v2\/comments?post=9917"}],"wp:featuredmedia":[{"embeddable":true,"href":"https:\/\/weldtrade.lv\/ru\/wp-json\/wp\/v2\/media\/8645"}],"wp:attachment":[{"href":"https:\/\/weldtrade.lv\/ru\/wp-json\/wp\/v2\/media?parent=9917"}],"wp:term":[{"taxonomy":"product_brand","embeddable":true,"href":"https:\/\/weldtrade.lv\/ru\/wp-json\/wp\/v2\/product_brand?post=9917"},{"taxonomy":"product_cat","embeddable":true,"href":"https:\/\/weldtrade.lv\/ru\/wp-json\/wp\/v2\/product_cat?post=9917"},{"taxonomy":"product_tag","embeddable":true,"href":"https:\/\/weldtrade.lv\/ru\/wp-json\/wp\/v2\/product_tag?post=9917"}],"curies":[{"name":"wp","href":"https:\/\/api.w.org\/{rel}","templated":true}]}}