{"id":9625,"date":"2026-04-17T12:27:12","date_gmt":"2026-04-17T09:27:12","guid":{"rendered":"https:\/\/weldtrade.lv\/product\/sejas-vairogs-elektriskajam-metinatajam-torros-prizma-art-402t212201\/"},"modified":"2026-04-17T12:27:12","modified_gmt":"2026-04-17T09:27:12","slug":"sejas-vairogs-elektriskajam-metinatajam-torros-prizma-art-402t212201","status":"publish","type":"product","link":"https:\/\/weldtrade.lv\/ru\/product\/sejas-vairogs-elektriskajam-metinatajam-torros-prizma-art-402t212201\/","title":{"rendered":"Sejas vairogs elektriskajam metin\u0101t\u0101jam TORROS PRIZMA art.402T212201"},"content":{"rendered":"<p>LCD metin\u0101\u0161anas maska TORROS PRIZMA ar autom\u0101tisko gaismas filtru (klase 1\/1\/1\/1\/1\/1\/1\/1) ir paredz\u0113ta metin\u0101t\u0101ja acu un sejas aizsardz\u012bbai pret metin\u0101\u0161anas loka starojumu un izkaus\u0113ta met\u0101la \u0161\u013cakat\u0101m, metinot MMA, MIG-MAG un TIG re\u017e\u012bmos. Gaismas filtrs autom\u0101tiski izdziest 0,033 ms laik\u0101, kad tiek aizdedzin\u0101ts metin\u0101\u0161anas loks, un autom\u0101tiski atgrie\u017eas s\u0101kotn\u0113j\u0101 (caursp\u012bd\u012bg\u0101) st\u0101vokl\u012b p\u0113c metin\u0101\u0161anas pabeig\u0161anas. Pateicoties \u010detriem jut\u012bbas sensoriem, filtrs sp\u0113j rea\u0123\u0113t uz jebkuru metin\u0101t\u0101ja galvas st\u0101vokli darba laik\u0101. S\u0101kotn\u0113jais aptum\u0161ojums ir 3 DIN. Blum\u0113\u0161anas pak\u0101pe ir bezgal\u012bgi regul\u0113jama. Regul\u0113\u0161anas robe\u017ea ir sadal\u012bta divos diapazonos: 4\u00f78DIN un 9\u00f713DIN. Ir nodro\u0161in\u0101ta piln\u012bga filtra izsl\u0113g\u0161ana (sl\u012bp\u0113\u0161anas re\u017e\u012bms). Tam ir vienm\u0113r\u012bga atgrie\u0161an\u0101s s\u0101kotn\u0113j\u0101 st\u0101vokl\u012b laika (0,25\u00f70,8s) un jut\u012bbas regul\u0113\u0161ana. Darba temperat\u016bra -5 \u00f7 +55\u00b0C. Uzglab\u0101\u0161anas temperat\u016bra -20 \u00f7 +70\u00b0C un mitrums ne vair\u0101k k\u0101 80%. LED indikators apak\u0161\u0113j\u0101 da\u013c\u0101 filtra iek\u0161pus\u0113 signaliz\u0113 par zemu uzl\u0101des l\u012bmeni.          <\/p>\n","protected":false},"excerpt":{"rendered":"<p>LCD metin\u0101\u0161anas maska TORROS PRIZMA ar autom\u0101tisko gaismas filtru (klase 1\/1\/1\/1\/1\/1\/1\/1) ir paredz\u0113ta metin\u0101t\u0101ja acu un sejas aizsardz\u012bbai pret metin\u0101\u0161anas loka starojumu un izkaus\u0113ta met\u0101la \u0161\u013cakat\u0101m, metinot MMA, MIG-MAG un TIG re\u017e\u012bmos. Gaismas filtrs autom\u0101tiski izdziest 0,033 ms laik\u0101, kad tiek aizdedzin\u0101ts metin\u0101\u0161anas loks, un autom\u0101tiski atgrie\u017eas s\u0101kotn\u0113j\u0101 (caursp\u012bd\u012bg\u0101) st\u0101vokl\u012b p\u0113c metin\u0101\u0161anas pabeig\u0161anas. Pateicoties \u010detriem [&hellip;]<\/p>\n","protected":false},"featured_media":8361,"comment_status":"open","ping_status":"closed","template":"","meta":{"_acf_changed":false},"product_brand":[],"product_cat":[3115],"product_tag":[],"class_list":{"0":"post-9625","1":"product","2":"type-product","3":"status-publish","4":"has-post-thumbnail","6":"product_cat-hameleona-metinasanas-maskas","8":"first","9":"instock","10":"shipping-taxable","11":"product-type-simple"},"acf":[],"yoast_head":"<!-- This site is optimized with the Yoast SEO plugin v27.4 - https:\/\/yoast.com\/product\/yoast-seo-wordpress\/ -->\n<title>Sejas vairogs elektriskajam metin\u0101t\u0101jam TORROS PRIZMA art.402T212201 | Weldtrade.lv - metin\u0101\u0161anas iek\u0101rtas | TORROS<\/title>\n<meta name=\"robots\" content=\"index, follow, max-snippet:-1, max-image-preview:large, max-video-preview:-1\" \/>\n<link rel=\"canonical\" href=\"https:\/\/weldtrade.lv\/lv\/?post_type=product&p=9625\" \/>\n<meta property=\"og:locale\" content=\"ru_RU\" \/>\n<meta property=\"og:type\" content=\"article\" \/>\n<meta property=\"og:title\" content=\"Sejas vairogs elektriskajam metin\u0101t\u0101jam TORROS PRIZMA art.402T212201 | Weldtrade.lv - metin\u0101\u0161anas iek\u0101rtas | TORROS\" \/>\n<meta property=\"og:description\" content=\"LCD metin\u0101\u0161anas maska TORROS PRIZMA ar autom\u0101tisko gaismas filtru (klase 1\/1\/1\/1\/1\/1\/1\/1) ir paredz\u0113ta metin\u0101t\u0101ja acu un sejas aizsardz\u012bbai pret metin\u0101\u0161anas loka starojumu un izkaus\u0113ta met\u0101la \u0161\u013cakat\u0101m, metinot MMA, MIG-MAG un TIG re\u017e\u012bmos. Gaismas filtrs autom\u0101tiski izdziest 0,033 ms laik\u0101, kad tiek aizdedzin\u0101ts metin\u0101\u0161anas loks, un autom\u0101tiski atgrie\u017eas s\u0101kotn\u0113j\u0101 (caursp\u012bd\u012bg\u0101) st\u0101vokl\u012b p\u0113c metin\u0101\u0161anas pabeig\u0161anas. Pateicoties \u010detriem [&hellip;]\" \/>\n<meta property=\"og:url\" content=\"https:\/\/weldtrade.lv\/lv\/?post_type=product&amp;p=9625\" \/>\n<meta property=\"og:site_name\" content=\"Weldtrade.lv - metin\u0101\u0161anas iek\u0101rtas | TORROS\" \/>\n<meta property=\"og:image\" content=\"https:\/\/weldtrade.lv\/wp-content\/uploads\/2025\/02\/5c5f68bdf8ed11eab6bd001e674301be_8bc44204c0d311ee81020cc47a1468f3-1.jpg\" \/>\n\t<meta property=\"og:image:width\" content=\"1000\" \/>\n\t<meta property=\"og:image:height\" content=\"1000\" \/>\n\t<meta property=\"og:image:type\" content=\"image\/jpeg\" \/>\n<meta name=\"twitter:card\" content=\"summary_large_image\" \/>\n<meta name=\"twitter:label1\" content=\"\u041f\u0440\u0438\u043c\u0435\u0440\u043d\u043e\u0435 \u0432\u0440\u0435\u043c\u044f \u0434\u043b\u044f \u0447\u0442\u0435\u043d\u0438\u044f\" \/>\n\t<meta name=\"twitter:data1\" content=\"1 \u043c\u0438\u043d\u0443\u0442\u0430\" \/>\n<script type=\"application\/ld+json\" class=\"yoast-schema-graph\">{\"@context\":\"https:\\\/\\\/schema.org\",\"@graph\":[{\"@type\":\"WebPage\",\"@id\":\"https:\\\/\\\/weldtrade.lv\\\/lv\\\/?post_type=product&p=9625\",\"url\":\"https:\\\/\\\/weldtrade.lv\\\/lv\\\/?post_type=product&p=9625\",\"name\":\"Sejas vairogs elektriskajam metin\u0101t\u0101jam TORROS PRIZMA art.402T212201 | Weldtrade.lv - metin\u0101\u0161anas iek\u0101rtas | TORROS\",\"isPartOf\":{\"@id\":\"https:\\\/\\\/weldtrade.lv\\\/#website\"},\"primaryImageOfPage\":{\"@id\":\"https:\\\/\\\/weldtrade.lv\\\/lv\\\/?post_type=product&p=9625#primaryimage\"},\"image\":{\"@id\":\"https:\\\/\\\/weldtrade.lv\\\/lv\\\/?post_type=product&p=9625#primaryimage\"},\"thumbnailUrl\":\"https:\\\/\\\/weldtrade.lv\\\/wp-content\\\/uploads\\\/2025\\\/02\\\/5c5f68bdf8ed11eab6bd001e674301be_8bc44204c0d311ee81020cc47a1468f3-1.jpg\",\"datePublished\":\"2026-04-17T09:27:12+00:00\",\"breadcrumb\":{\"@id\":\"https:\\\/\\\/weldtrade.lv\\\/lv\\\/?post_type=product&p=9625#breadcrumb\"},\"inLanguage\":\"ru-RU\",\"potentialAction\":[{\"@type\":\"ReadAction\",\"target\":[\"https:\\\/\\\/weldtrade.lv\\\/lv\\\/?post_type=product&p=9625\"]}]},{\"@type\":\"ImageObject\",\"inLanguage\":\"ru-RU\",\"@id\":\"https:\\\/\\\/weldtrade.lv\\\/lv\\\/?post_type=product&p=9625#primaryimage\",\"url\":\"https:\\\/\\\/weldtrade.lv\\\/wp-content\\\/uploads\\\/2025\\\/02\\\/5c5f68bdf8ed11eab6bd001e674301be_8bc44204c0d311ee81020cc47a1468f3-1.jpg\",\"contentUrl\":\"https:\\\/\\\/weldtrade.lv\\\/wp-content\\\/uploads\\\/2025\\\/02\\\/5c5f68bdf8ed11eab6bd001e674301be_8bc44204c0d311ee81020cc47a1468f3-1.jpg\",\"width\":1000,\"height\":1000},{\"@type\":\"BreadcrumbList\",\"@id\":\"https:\\\/\\\/weldtrade.lv\\\/lv\\\/?post_type=product&p=9625#breadcrumb\",\"itemListElement\":[{\"@type\":\"ListItem\",\"position\":1,\"name\":\"\u0413\u043b\u0430\u0432\u043d\u0430\u044f\",\"item\":\"https:\\\/\\\/weldtrade.lv\\\/\"},{\"@type\":\"ListItem\",\"position\":2,\"name\":\"\u041a\u0430\u0442\u0430\u043b\u043e\u0433\",\"item\":\"https:\\\/\\\/weldtrade.lv\\\/shop\\\/\"},{\"@type\":\"ListItem\",\"position\":3,\"name\":\"Sejas vairogs elektriskajam metin\u0101t\u0101jam TORROS PRIZMA art.402T212201\"}]},{\"@type\":\"WebSite\",\"@id\":\"https:\\\/\\\/weldtrade.lv\\\/#website\",\"url\":\"https:\\\/\\\/weldtrade.lv\\\/\",\"name\":\"Weldtrade.lv - metin\u0101\u0161anas iek\u0101rtas | TORROS\",\"description\":\"\",\"publisher\":{\"@id\":\"https:\\\/\\\/weldtrade.lv\\\/#organization\"},\"potentialAction\":[{\"@type\":\"SearchAction\",\"target\":{\"@type\":\"EntryPoint\",\"urlTemplate\":\"https:\\\/\\\/weldtrade.lv\\\/?s={search_term_string}\"},\"query-input\":{\"@type\":\"PropertyValueSpecification\",\"valueRequired\":true,\"valueName\":\"search_term_string\"}}],\"inLanguage\":\"ru-RU\"},{\"@type\":\"Organization\",\"@id\":\"https:\\\/\\\/weldtrade.lv\\\/#organization\",\"name\":\"Weldtrade.lv - metin\u0101\u0161anas iek\u0101rtas | TORROS\",\"url\":\"https:\\\/\\\/weldtrade.lv\\\/\",\"logo\":{\"@type\":\"ImageObject\",\"inLanguage\":\"ru-RU\",\"@id\":\"https:\\\/\\\/weldtrade.lv\\\/#\\\/schema\\\/logo\\\/image\\\/\",\"url\":\"https:\\\/\\\/weldtrade.lv\\\/wp-content\\\/uploads\\\/2025\\\/01\\\/wt_logo.webp\",\"contentUrl\":\"https:\\\/\\\/weldtrade.lv\\\/wp-content\\\/uploads\\\/2025\\\/01\\\/wt_logo.webp\",\"width\":1804,\"height\":360,\"caption\":\"Weldtrade.lv - metin\u0101\u0161anas iek\u0101rtas | TORROS\"},\"image\":{\"@id\":\"https:\\\/\\\/weldtrade.lv\\\/#\\\/schema\\\/logo\\\/image\\\/\"}}]}<\/script>\n<!-- \/ Yoast SEO plugin. -->","yoast_head_json":{"title":"Sejas vairogs elektriskajam metin\u0101t\u0101jam TORROS PRIZMA art.402T212201 | Weldtrade.lv - metin\u0101\u0161anas iek\u0101rtas | TORROS","robots":{"index":"index","follow":"follow","max-snippet":"max-snippet:-1","max-image-preview":"max-image-preview:large","max-video-preview":"max-video-preview:-1"},"canonical":"https:\/\/weldtrade.lv\/lv\/?post_type=product&p=9625","og_locale":"ru_RU","og_type":"article","og_title":"Sejas vairogs elektriskajam metin\u0101t\u0101jam TORROS PRIZMA art.402T212201 | Weldtrade.lv - metin\u0101\u0161anas iek\u0101rtas | TORROS","og_description":"LCD metin\u0101\u0161anas maska TORROS PRIZMA ar autom\u0101tisko gaismas filtru (klase 1\/1\/1\/1\/1\/1\/1\/1) ir paredz\u0113ta metin\u0101t\u0101ja acu un sejas aizsardz\u012bbai pret metin\u0101\u0161anas loka starojumu un izkaus\u0113ta met\u0101la \u0161\u013cakat\u0101m, metinot MMA, MIG-MAG un TIG re\u017e\u012bmos. Gaismas filtrs autom\u0101tiski izdziest 0,033 ms laik\u0101, kad tiek aizdedzin\u0101ts metin\u0101\u0161anas loks, un autom\u0101tiski atgrie\u017eas s\u0101kotn\u0113j\u0101 (caursp\u012bd\u012bg\u0101) st\u0101vokl\u012b p\u0113c metin\u0101\u0161anas pabeig\u0161anas. Pateicoties \u010detriem [&hellip;]","og_url":"https:\/\/weldtrade.lv\/lv\/?post_type=product&p=9625","og_site_name":"Weldtrade.lv - metin\u0101\u0161anas iek\u0101rtas | TORROS","og_image":[{"width":1000,"height":1000,"url":"https:\/\/weldtrade.lv\/wp-content\/uploads\/2025\/02\/5c5f68bdf8ed11eab6bd001e674301be_8bc44204c0d311ee81020cc47a1468f3-1.jpg","type":"image\/jpeg"}],"twitter_card":"summary_large_image","twitter_misc":{"\u041f\u0440\u0438\u043c\u0435\u0440\u043d\u043e\u0435 \u0432\u0440\u0435\u043c\u044f \u0434\u043b\u044f \u0447\u0442\u0435\u043d\u0438\u044f":"1 \u043c\u0438\u043d\u0443\u0442\u0430"},"schema":{"@context":"https:\/\/schema.org","@graph":[{"@type":"WebPage","@id":"https:\/\/weldtrade.lv\/lv\/?post_type=product&p=9625","url":"https:\/\/weldtrade.lv\/lv\/?post_type=product&p=9625","name":"Sejas vairogs elektriskajam metin\u0101t\u0101jam TORROS PRIZMA art.402T212201 | Weldtrade.lv - metin\u0101\u0161anas iek\u0101rtas | TORROS","isPartOf":{"@id":"https:\/\/weldtrade.lv\/#website"},"primaryImageOfPage":{"@id":"https:\/\/weldtrade.lv\/lv\/?post_type=product&p=9625#primaryimage"},"image":{"@id":"https:\/\/weldtrade.lv\/lv\/?post_type=product&p=9625#primaryimage"},"thumbnailUrl":"https:\/\/weldtrade.lv\/wp-content\/uploads\/2025\/02\/5c5f68bdf8ed11eab6bd001e674301be_8bc44204c0d311ee81020cc47a1468f3-1.jpg","datePublished":"2026-04-17T09:27:12+00:00","breadcrumb":{"@id":"https:\/\/weldtrade.lv\/lv\/?post_type=product&p=9625#breadcrumb"},"inLanguage":"ru-RU","potentialAction":[{"@type":"ReadAction","target":["https:\/\/weldtrade.lv\/lv\/?post_type=product&p=9625"]}]},{"@type":"ImageObject","inLanguage":"ru-RU","@id":"https:\/\/weldtrade.lv\/lv\/?post_type=product&p=9625#primaryimage","url":"https:\/\/weldtrade.lv\/wp-content\/uploads\/2025\/02\/5c5f68bdf8ed11eab6bd001e674301be_8bc44204c0d311ee81020cc47a1468f3-1.jpg","contentUrl":"https:\/\/weldtrade.lv\/wp-content\/uploads\/2025\/02\/5c5f68bdf8ed11eab6bd001e674301be_8bc44204c0d311ee81020cc47a1468f3-1.jpg","width":1000,"height":1000},{"@type":"BreadcrumbList","@id":"https:\/\/weldtrade.lv\/lv\/?post_type=product&p=9625#breadcrumb","itemListElement":[{"@type":"ListItem","position":1,"name":"\u0413\u043b\u0430\u0432\u043d\u0430\u044f","item":"https:\/\/weldtrade.lv\/"},{"@type":"ListItem","position":2,"name":"\u041a\u0430\u0442\u0430\u043b\u043e\u0433","item":"https:\/\/weldtrade.lv\/shop\/"},{"@type":"ListItem","position":3,"name":"Sejas vairogs elektriskajam metin\u0101t\u0101jam TORROS PRIZMA art.402T212201"}]},{"@type":"WebSite","@id":"https:\/\/weldtrade.lv\/#website","url":"https:\/\/weldtrade.lv\/","name":"Weldtrade.lv - metin\u0101\u0161anas iek\u0101rtas | TORROS","description":"","publisher":{"@id":"https:\/\/weldtrade.lv\/#organization"},"potentialAction":[{"@type":"SearchAction","target":{"@type":"EntryPoint","urlTemplate":"https:\/\/weldtrade.lv\/?s={search_term_string}"},"query-input":{"@type":"PropertyValueSpecification","valueRequired":true,"valueName":"search_term_string"}}],"inLanguage":"ru-RU"},{"@type":"Organization","@id":"https:\/\/weldtrade.lv\/#organization","name":"Weldtrade.lv - metin\u0101\u0161anas iek\u0101rtas | TORROS","url":"https:\/\/weldtrade.lv\/","logo":{"@type":"ImageObject","inLanguage":"ru-RU","@id":"https:\/\/weldtrade.lv\/#\/schema\/logo\/image\/","url":"https:\/\/weldtrade.lv\/wp-content\/uploads\/2025\/01\/wt_logo.webp","contentUrl":"https:\/\/weldtrade.lv\/wp-content\/uploads\/2025\/01\/wt_logo.webp","width":1804,"height":360,"caption":"Weldtrade.lv - metin\u0101\u0161anas iek\u0101rtas | TORROS"},"image":{"@id":"https:\/\/weldtrade.lv\/#\/schema\/logo\/image\/"}}]}},"_links":{"self":[{"href":"https:\/\/weldtrade.lv\/ru\/wp-json\/wp\/v2\/product\/9625","targetHints":{"allow":["GET"]}}],"collection":[{"href":"https:\/\/weldtrade.lv\/ru\/wp-json\/wp\/v2\/product"}],"about":[{"href":"https:\/\/weldtrade.lv\/ru\/wp-json\/wp\/v2\/types\/product"}],"replies":[{"embeddable":true,"href":"https:\/\/weldtrade.lv\/ru\/wp-json\/wp\/v2\/comments?post=9625"}],"wp:featuredmedia":[{"embeddable":true,"href":"https:\/\/weldtrade.lv\/ru\/wp-json\/wp\/v2\/media\/8361"}],"wp:attachment":[{"href":"https:\/\/weldtrade.lv\/ru\/wp-json\/wp\/v2\/media?parent=9625"}],"wp:term":[{"taxonomy":"product_brand","embeddable":true,"href":"https:\/\/weldtrade.lv\/ru\/wp-json\/wp\/v2\/product_brand?post=9625"},{"taxonomy":"product_cat","embeddable":true,"href":"https:\/\/weldtrade.lv\/ru\/wp-json\/wp\/v2\/product_cat?post=9625"},{"taxonomy":"product_tag","embeddable":true,"href":"https:\/\/weldtrade.lv\/ru\/wp-json\/wp\/v2\/product_tag?post=9625"}],"curies":[{"name":"wp","href":"https:\/\/api.w.org\/{rel}","templated":true}]}}