{"id":8957,"date":"2025-08-25T12:22:19","date_gmt":"2025-08-25T09:22:19","guid":{"rendered":"https:\/\/weldtrade.lv\/?post_type=product&#038;p=8957"},"modified":"2025-08-25T12:22:19","modified_gmt":"2025-08-25T09:22:19","slug":"provoloka-omednennaya-svarochnaya-d-06mm-1kg","status":"publish","type":"product","link":"https:\/\/weldtrade.lv\/ru\/product\/provoloka-omednennaya-svarochnaya-d-06mm-1kg\/","title":{"rendered":"\u041f\u0440\u043e\u0432\u043e\u043b\u043e\u043a\u0430 \u043e\u043c\u0435\u0434\u043d\u0435\u043d\u043d\u0430\u044f \u0441\u0432\u0430\u0440\u043e\u0447\u043d\u0430\u044f \u0434.0,6\u043c\u043c\/1\u043a\u0433"},"content":{"rendered":"<p>\u0421\u0432\u0430\u0440\u043e\u0447\u043d\u0430\u044f \u043f\u0440\u043e\u0432\u043e\u043b\u043e\u043a\u0430 \u043c\u0430\u0440\u043a\u0438 ER50-6 (\u043e\u0442\u0435\u0447\u0435\u0441\u0442\u0432\u0435\u043d\u043d\u044b\u0439 \u0430\u043d\u0430\u043b\u043e\u0433 \u0421\u041208\u0413\u0421) \u043f\u0440\u0435\u0434\u043d\u0430\u0437\u043d\u0430\u0447\u0435\u043d\u0430 \u0434\u043b\u044f \u044d\u043b\u0435\u043a\u0442\u0440\u043e\u0434\u0443\u0433\u043e\u0432\u043e\u0439 \u043f\u043e\u043b\u0443\u0430\u0432\u0442\u043e\u043c\u0430\u0442\u0438\u0447\u0435\u0441\u043a\u043e\u0439 \u0441\u0432\u0430\u0440\u043a\u0438 \u043d\u0438\u0437\u043a\u043e\u0443\u0433\u043b\u0435\u0440\u043e\u0434\u0438\u0441\u0442\u044b\u0445 \u0438 \u043d\u0438\u0437\u043a\u043e\u043b\u0435\u0433\u0438\u0440\u043e\u0432\u0430\u043d\u043d\u044b\u0445 \u0441\u0442\u0430\u043b\u0435\u0439 \u0432 \u0441\u0440\u0435\u0434\u0435 \u0437\u0430\u0449\u0438\u0442\u043d\u044b\u0445 \u0433\u0430\u0437\u043e\u0432 (\u0443\u0433\u043b\u0435\u043a\u0438\u0441\u043b\u043e\u0442\u0430, \u043b\u0438\u0431\u043e \u0441\u043c\u0435\u0441\u044c \u0430\u0440\u0433\u043e\u043d\u0430 \u0441 \u0443\u0433\u043b\u0435\u043a\u0438\u0441\u043b\u043e\u0442\u043e\u0439). \u041f\u0440\u0435\u0434\u0441\u0442\u0430\u0432\u043b\u044f\u0435\u0442 \u0441\u043e\u0431\u043e\u0439 \u0441\u0442\u0430\u043b\u044c\u043d\u0443\u044e \u043f\u0440\u043e\u0432\u043e\u043b\u043e\u043a\u0443 \u0441\u043f\u043b\u043e\u0448\u043d\u043e\u0433\u043e \u0441\u0435\u0447\u0435\u043d\u0438\u044f \u0431\u0435\u0437 \u0441\u0435\u0440\u0434\u0435\u0447\u043d\u0438\u043a\u0430 \u043b\u0435\u0433\u0438\u0440\u043e\u0432\u0430\u043d\u043d\u0443\u044e \u043c\u0430\u0440\u0433\u0430\u043d\u0446\u0435\u043c \u0438 \u043a\u0440\u0435\u043c\u043d\u0438\u0435\u043c.<\/p>\n","protected":false},"excerpt":{"rendered":"<p>\u0421\u0432\u0430\u0440\u043e\u0447\u043d\u0430\u044f \u043f\u0440\u043e\u0432\u043e\u043b\u043e\u043a\u0430 \u043c\u0430\u0440\u043a\u0438 ER50-6 (\u043e\u0442\u0435\u0447\u0435\u0441\u0442\u0432\u0435\u043d\u043d\u044b\u0439 \u0430\u043d\u0430\u043b\u043e\u0433 \u0421\u041208\u0413\u0421) \u043f\u0440\u0435\u0434\u043d\u0430\u0437\u043d\u0430\u0447\u0435\u043d\u0430 \u0434\u043b\u044f \u044d\u043b\u0435\u043a\u0442\u0440\u043e\u0434\u0443\u0433\u043e\u0432\u043e\u0439 \u043f\u043e\u043b\u0443\u0430\u0432\u0442\u043e\u043c\u0430\u0442\u0438\u0447\u0435\u0441\u043a\u043e\u0439 \u0441\u0432\u0430\u0440\u043a\u0438 \u043d\u0438\u0437\u043a\u043e\u0443\u0433\u043b\u0435\u0440\u043e\u0434\u0438\u0441\u0442\u044b\u0445 \u0438 \u043d\u0438\u0437\u043a\u043e\u043b\u0435\u0433\u0438\u0440\u043e\u0432\u0430\u043d\u043d\u044b\u0445 \u0441\u0442\u0430\u043b\u0435\u0439 \u0432 \u0441\u0440\u0435\u0434\u0435 \u0437\u0430\u0449\u0438\u0442\u043d\u044b\u0445 \u0433\u0430\u0437\u043e\u0432 (\u0443\u0433\u043b\u0435\u043a\u0438\u0441\u043b\u043e\u0442\u0430, \u043b\u0438\u0431\u043e \u0441\u043c\u0435\u0441\u044c \u0430\u0440\u0433\u043e\u043d\u0430 \u0441 \u0443\u0433\u043b\u0435\u043a\u0438\u0441\u043b\u043e\u0442\u043e\u0439). \u041f\u0440\u0435\u0434\u0441\u0442\u0430\u0432\u043b\u044f\u0435\u0442 \u0441\u043e\u0431\u043e\u0439 \u0441\u0442\u0430\u043b\u044c\u043d\u0443\u044e \u043f\u0440\u043e\u0432\u043e\u043b\u043e\u043a\u0443 \u0441\u043f\u043b\u043e\u0448\u043d\u043e\u0433\u043e \u0441\u0435\u0447\u0435\u043d\u0438\u044f \u0431\u0435\u0437 \u0441\u0435\u0440\u0434\u0435\u0447\u043d\u0438\u043a\u0430 \u043b\u0435\u0433\u0438\u0440\u043e\u0432\u0430\u043d\u043d\u0443\u044e \u043c\u0430\u0440\u0433\u0430\u043d\u0446\u0435\u043c \u0438 \u043a\u0440\u0435\u043c\u043d\u0438\u0435\u043c.<\/p>\n","protected":false},"featured_media":0,"comment_status":"open","ping_status":"closed","template":"","meta":{"_acf_changed":false},"product_brand":[],"product_cat":[60],"product_tag":[],"class_list":{"0":"post-8957","1":"product","2":"type-product","3":"status-publish","5":"product_cat-omednennaya-provoloka-mig-i-prutki-tig","7":"first","8":"instock","9":"shipping-taxable","10":"product-type-simple"},"acf":[],"yoast_head":"<!-- This site is optimized with the Yoast SEO plugin v27.4 - https:\/\/yoast.com\/product\/yoast-seo-wordpress\/ -->\n<title>\u041f\u0440\u043e\u0432\u043e\u043b\u043e\u043a\u0430 \u043e\u043c\u0435\u0434\u043d\u0435\u043d\u043d\u0430\u044f \u0441\u0432\u0430\u0440\u043e\u0447\u043d\u0430\u044f \u0434.0,6\u043c\u043c\/1\u043a\u0433 | Weldtrade.lv - metin\u0101\u0161anas iek\u0101rtas | TORROS<\/title>\n<meta name=\"robots\" content=\"index, follow, max-snippet:-1, max-image-preview:large, max-video-preview:-1\" \/>\n<link rel=\"canonical\" href=\"https:\/\/weldtrade.lv\/product\/provoloka-omednennaya-svarochnaya-d-06mm-1kg\/\" \/>\n<meta property=\"og:locale\" content=\"ru_RU\" \/>\n<meta property=\"og:type\" content=\"article\" \/>\n<meta property=\"og:title\" content=\"\u041f\u0440\u043e\u0432\u043e\u043b\u043e\u043a\u0430 \u043e\u043c\u0435\u0434\u043d\u0435\u043d\u043d\u0430\u044f \u0441\u0432\u0430\u0440\u043e\u0447\u043d\u0430\u044f \u0434.0,6\u043c\u043c\/1\u043a\u0433 | Weldtrade.lv - metin\u0101\u0161anas iek\u0101rtas | TORROS\" \/>\n<meta property=\"og:description\" content=\"\u0421\u0432\u0430\u0440\u043e\u0447\u043d\u0430\u044f \u043f\u0440\u043e\u0432\u043e\u043b\u043e\u043a\u0430 \u043c\u0430\u0440\u043a\u0438 ER50-6 (\u043e\u0442\u0435\u0447\u0435\u0441\u0442\u0432\u0435\u043d\u043d\u044b\u0439 \u0430\u043d\u0430\u043b\u043e\u0433 \u0421\u041208\u0413\u0421) \u043f\u0440\u0435\u0434\u043d\u0430\u0437\u043d\u0430\u0447\u0435\u043d\u0430 \u0434\u043b\u044f \u044d\u043b\u0435\u043a\u0442\u0440\u043e\u0434\u0443\u0433\u043e\u0432\u043e\u0439 \u043f\u043e\u043b\u0443\u0430\u0432\u0442\u043e\u043c\u0430\u0442\u0438\u0447\u0435\u0441\u043a\u043e\u0439 \u0441\u0432\u0430\u0440\u043a\u0438 \u043d\u0438\u0437\u043a\u043e\u0443\u0433\u043b\u0435\u0440\u043e\u0434\u0438\u0441\u0442\u044b\u0445 \u0438 \u043d\u0438\u0437\u043a\u043e\u043b\u0435\u0433\u0438\u0440\u043e\u0432\u0430\u043d\u043d\u044b\u0445 \u0441\u0442\u0430\u043b\u0435\u0439 \u0432 \u0441\u0440\u0435\u0434\u0435 \u0437\u0430\u0449\u0438\u0442\u043d\u044b\u0445 \u0433\u0430\u0437\u043e\u0432 (\u0443\u0433\u043b\u0435\u043a\u0438\u0441\u043b\u043e\u0442\u0430, \u043b\u0438\u0431\u043e \u0441\u043c\u0435\u0441\u044c \u0430\u0440\u0433\u043e\u043d\u0430 \u0441 \u0443\u0433\u043b\u0435\u043a\u0438\u0441\u043b\u043e\u0442\u043e\u0439). \u041f\u0440\u0435\u0434\u0441\u0442\u0430\u0432\u043b\u044f\u0435\u0442 \u0441\u043e\u0431\u043e\u0439 \u0441\u0442\u0430\u043b\u044c\u043d\u0443\u044e \u043f\u0440\u043e\u0432\u043e\u043b\u043e\u043a\u0443 \u0441\u043f\u043b\u043e\u0448\u043d\u043e\u0433\u043e \u0441\u0435\u0447\u0435\u043d\u0438\u044f \u0431\u0435\u0437 \u0441\u0435\u0440\u0434\u0435\u0447\u043d\u0438\u043a\u0430 \u043b\u0435\u0433\u0438\u0440\u043e\u0432\u0430\u043d\u043d\u0443\u044e \u043c\u0430\u0440\u0433\u0430\u043d\u0446\u0435\u043c \u0438 \u043a\u0440\u0435\u043c\u043d\u0438\u0435\u043c.\" \/>\n<meta property=\"og:url\" content=\"https:\/\/weldtrade.lv\/product\/provoloka-omednennaya-svarochnaya-d-06mm-1kg\/\" \/>\n<meta property=\"og:site_name\" content=\"Weldtrade.lv - metin\u0101\u0161anas iek\u0101rtas | TORROS\" \/>\n<meta name=\"twitter:card\" content=\"summary_large_image\" \/>\n<script type=\"application\/ld+json\" class=\"yoast-schema-graph\">{\"@context\":\"https:\\\/\\\/schema.org\",\"@graph\":[{\"@type\":\"WebPage\",\"@id\":\"https:\\\/\\\/weldtrade.lv\\\/product\\\/provoloka-omednennaya-svarochnaya-d-06mm-1kg\\\/\",\"url\":\"https:\\\/\\\/weldtrade.lv\\\/product\\\/provoloka-omednennaya-svarochnaya-d-06mm-1kg\\\/\",\"name\":\"\u041f\u0440\u043e\u0432\u043e\u043b\u043e\u043a\u0430 \u043e\u043c\u0435\u0434\u043d\u0435\u043d\u043d\u0430\u044f \u0441\u0432\u0430\u0440\u043e\u0447\u043d\u0430\u044f \u0434.0,6\u043c\u043c\\\/1\u043a\u0433 | Weldtrade.lv - metin\u0101\u0161anas iek\u0101rtas | TORROS\",\"isPartOf\":{\"@id\":\"https:\\\/\\\/weldtrade.lv\\\/#website\"},\"datePublished\":\"2025-08-25T09:22:19+00:00\",\"breadcrumb\":{\"@id\":\"https:\\\/\\\/weldtrade.lv\\\/product\\\/provoloka-omednennaya-svarochnaya-d-06mm-1kg\\\/#breadcrumb\"},\"inLanguage\":\"ru-RU\",\"potentialAction\":[{\"@type\":\"ReadAction\",\"target\":[\"https:\\\/\\\/weldtrade.lv\\\/product\\\/provoloka-omednennaya-svarochnaya-d-06mm-1kg\\\/\"]}]},{\"@type\":\"BreadcrumbList\",\"@id\":\"https:\\\/\\\/weldtrade.lv\\\/product\\\/provoloka-omednennaya-svarochnaya-d-06mm-1kg\\\/#breadcrumb\",\"itemListElement\":[{\"@type\":\"ListItem\",\"position\":1,\"name\":\"\u0413\u043b\u0430\u0432\u043d\u0430\u044f\",\"item\":\"https:\\\/\\\/weldtrade.lv\\\/\"},{\"@type\":\"ListItem\",\"position\":2,\"name\":\"\u041a\u0430\u0442\u0430\u043b\u043e\u0433\",\"item\":\"https:\\\/\\\/weldtrade.lv\\\/shop\\\/\"},{\"@type\":\"ListItem\",\"position\":3,\"name\":\"\u041c\u0430\u0442\u0435\u0440\u0438\u0430\u043b\u044b\",\"item\":\"https:\\\/\\\/weldtrade.lv\\\/materialy\\\/\"},{\"@type\":\"ListItem\",\"position\":4,\"name\":\"\u041f\u0440\u043e\u0432\u043e\u043b\u043e\u043a\u0430 \u0441\u0432\u0430\u0440\u043e\u0447\u043d\u0430\u044f\",\"item\":\"https:\\\/\\\/weldtrade.lv\\\/materialy\\\/provoloka-svarochnaya\\\/\"},{\"@type\":\"ListItem\",\"position\":5,\"name\":\"\u041e\u043c\u0435\u0434\u043d\u0435\u043d\u043d\u0430\u044f \u043f\u0440\u043e\u0432\u043e\u043b\u043e\u043a\u0430 MIG\",\"item\":\"https:\\\/\\\/weldtrade.lv\\\/materialy\\\/provoloka-svarochnaya\\\/omednennaya-provoloka-mig-i-prutki-tig\\\/\"},{\"@type\":\"ListItem\",\"position\":6,\"name\":\"\u041f\u0440\u043e\u0432\u043e\u043b\u043e\u043a\u0430 \u043e\u043c\u0435\u0434\u043d\u0435\u043d\u043d\u0430\u044f \u0441\u0432\u0430\u0440\u043e\u0447\u043d\u0430\u044f \u0434.0,6\u043c\u043c\\\/1\u043a\u0433\"}]},{\"@type\":\"WebSite\",\"@id\":\"https:\\\/\\\/weldtrade.lv\\\/#website\",\"url\":\"https:\\\/\\\/weldtrade.lv\\\/\",\"name\":\"Weldtrade.lv - metin\u0101\u0161anas iek\u0101rtas | TORROS\",\"description\":\"\",\"publisher\":{\"@id\":\"https:\\\/\\\/weldtrade.lv\\\/#organization\"},\"potentialAction\":[{\"@type\":\"SearchAction\",\"target\":{\"@type\":\"EntryPoint\",\"urlTemplate\":\"https:\\\/\\\/weldtrade.lv\\\/?s={search_term_string}\"},\"query-input\":{\"@type\":\"PropertyValueSpecification\",\"valueRequired\":true,\"valueName\":\"search_term_string\"}}],\"inLanguage\":\"ru-RU\"},{\"@type\":\"Organization\",\"@id\":\"https:\\\/\\\/weldtrade.lv\\\/#organization\",\"name\":\"Weldtrade.lv - metin\u0101\u0161anas iek\u0101rtas | TORROS\",\"url\":\"https:\\\/\\\/weldtrade.lv\\\/\",\"logo\":{\"@type\":\"ImageObject\",\"inLanguage\":\"ru-RU\",\"@id\":\"https:\\\/\\\/weldtrade.lv\\\/#\\\/schema\\\/logo\\\/image\\\/\",\"url\":\"https:\\\/\\\/weldtrade.lv\\\/wp-content\\\/uploads\\\/2025\\\/01\\\/wt_logo.webp\",\"contentUrl\":\"https:\\\/\\\/weldtrade.lv\\\/wp-content\\\/uploads\\\/2025\\\/01\\\/wt_logo.webp\",\"width\":1804,\"height\":360,\"caption\":\"Weldtrade.lv - metin\u0101\u0161anas iek\u0101rtas | TORROS\"},\"image\":{\"@id\":\"https:\\\/\\\/weldtrade.lv\\\/#\\\/schema\\\/logo\\\/image\\\/\"}}]}<\/script>\n<!-- \/ Yoast SEO plugin. -->","yoast_head_json":{"title":"\u041f\u0440\u043e\u0432\u043e\u043b\u043e\u043a\u0430 \u043e\u043c\u0435\u0434\u043d\u0435\u043d\u043d\u0430\u044f \u0441\u0432\u0430\u0440\u043e\u0447\u043d\u0430\u044f \u0434.0,6\u043c\u043c\/1\u043a\u0433 | Weldtrade.lv - metin\u0101\u0161anas iek\u0101rtas | TORROS","robots":{"index":"index","follow":"follow","max-snippet":"max-snippet:-1","max-image-preview":"max-image-preview:large","max-video-preview":"max-video-preview:-1"},"canonical":"https:\/\/weldtrade.lv\/product\/provoloka-omednennaya-svarochnaya-d-06mm-1kg\/","og_locale":"ru_RU","og_type":"article","og_title":"\u041f\u0440\u043e\u0432\u043e\u043b\u043e\u043a\u0430 \u043e\u043c\u0435\u0434\u043d\u0435\u043d\u043d\u0430\u044f \u0441\u0432\u0430\u0440\u043e\u0447\u043d\u0430\u044f \u0434.0,6\u043c\u043c\/1\u043a\u0433 | Weldtrade.lv - metin\u0101\u0161anas iek\u0101rtas | TORROS","og_description":"\u0421\u0432\u0430\u0440\u043e\u0447\u043d\u0430\u044f \u043f\u0440\u043e\u0432\u043e\u043b\u043e\u043a\u0430 \u043c\u0430\u0440\u043a\u0438 ER50-6 (\u043e\u0442\u0435\u0447\u0435\u0441\u0442\u0432\u0435\u043d\u043d\u044b\u0439 \u0430\u043d\u0430\u043b\u043e\u0433 \u0421\u041208\u0413\u0421) \u043f\u0440\u0435\u0434\u043d\u0430\u0437\u043d\u0430\u0447\u0435\u043d\u0430 \u0434\u043b\u044f \u044d\u043b\u0435\u043a\u0442\u0440\u043e\u0434\u0443\u0433\u043e\u0432\u043e\u0439 \u043f\u043e\u043b\u0443\u0430\u0432\u0442\u043e\u043c\u0430\u0442\u0438\u0447\u0435\u0441\u043a\u043e\u0439 \u0441\u0432\u0430\u0440\u043a\u0438 \u043d\u0438\u0437\u043a\u043e\u0443\u0433\u043b\u0435\u0440\u043e\u0434\u0438\u0441\u0442\u044b\u0445 \u0438 \u043d\u0438\u0437\u043a\u043e\u043b\u0435\u0433\u0438\u0440\u043e\u0432\u0430\u043d\u043d\u044b\u0445 \u0441\u0442\u0430\u043b\u0435\u0439 \u0432 \u0441\u0440\u0435\u0434\u0435 \u0437\u0430\u0449\u0438\u0442\u043d\u044b\u0445 \u0433\u0430\u0437\u043e\u0432 (\u0443\u0433\u043b\u0435\u043a\u0438\u0441\u043b\u043e\u0442\u0430, \u043b\u0438\u0431\u043e \u0441\u043c\u0435\u0441\u044c \u0430\u0440\u0433\u043e\u043d\u0430 \u0441 \u0443\u0433\u043b\u0435\u043a\u0438\u0441\u043b\u043e\u0442\u043e\u0439). \u041f\u0440\u0435\u0434\u0441\u0442\u0430\u0432\u043b\u044f\u0435\u0442 \u0441\u043e\u0431\u043e\u0439 \u0441\u0442\u0430\u043b\u044c\u043d\u0443\u044e \u043f\u0440\u043e\u0432\u043e\u043b\u043e\u043a\u0443 \u0441\u043f\u043b\u043e\u0448\u043d\u043e\u0433\u043e \u0441\u0435\u0447\u0435\u043d\u0438\u044f \u0431\u0435\u0437 \u0441\u0435\u0440\u0434\u0435\u0447\u043d\u0438\u043a\u0430 \u043b\u0435\u0433\u0438\u0440\u043e\u0432\u0430\u043d\u043d\u0443\u044e \u043c\u0430\u0440\u0433\u0430\u043d\u0446\u0435\u043c \u0438 \u043a\u0440\u0435\u043c\u043d\u0438\u0435\u043c.","og_url":"https:\/\/weldtrade.lv\/product\/provoloka-omednennaya-svarochnaya-d-06mm-1kg\/","og_site_name":"Weldtrade.lv - metin\u0101\u0161anas iek\u0101rtas | TORROS","twitter_card":"summary_large_image","schema":{"@context":"https:\/\/schema.org","@graph":[{"@type":"WebPage","@id":"https:\/\/weldtrade.lv\/product\/provoloka-omednennaya-svarochnaya-d-06mm-1kg\/","url":"https:\/\/weldtrade.lv\/product\/provoloka-omednennaya-svarochnaya-d-06mm-1kg\/","name":"\u041f\u0440\u043e\u0432\u043e\u043b\u043e\u043a\u0430 \u043e\u043c\u0435\u0434\u043d\u0435\u043d\u043d\u0430\u044f \u0441\u0432\u0430\u0440\u043e\u0447\u043d\u0430\u044f \u0434.0,6\u043c\u043c\/1\u043a\u0433 | Weldtrade.lv - metin\u0101\u0161anas iek\u0101rtas | TORROS","isPartOf":{"@id":"https:\/\/weldtrade.lv\/#website"},"datePublished":"2025-08-25T09:22:19+00:00","breadcrumb":{"@id":"https:\/\/weldtrade.lv\/product\/provoloka-omednennaya-svarochnaya-d-06mm-1kg\/#breadcrumb"},"inLanguage":"ru-RU","potentialAction":[{"@type":"ReadAction","target":["https:\/\/weldtrade.lv\/product\/provoloka-omednennaya-svarochnaya-d-06mm-1kg\/"]}]},{"@type":"BreadcrumbList","@id":"https:\/\/weldtrade.lv\/product\/provoloka-omednennaya-svarochnaya-d-06mm-1kg\/#breadcrumb","itemListElement":[{"@type":"ListItem","position":1,"name":"\u0413\u043b\u0430\u0432\u043d\u0430\u044f","item":"https:\/\/weldtrade.lv\/"},{"@type":"ListItem","position":2,"name":"\u041a\u0430\u0442\u0430\u043b\u043e\u0433","item":"https:\/\/weldtrade.lv\/shop\/"},{"@type":"ListItem","position":3,"name":"\u041c\u0430\u0442\u0435\u0440\u0438\u0430\u043b\u044b","item":"https:\/\/weldtrade.lv\/materialy\/"},{"@type":"ListItem","position":4,"name":"\u041f\u0440\u043e\u0432\u043e\u043b\u043e\u043a\u0430 \u0441\u0432\u0430\u0440\u043e\u0447\u043d\u0430\u044f","item":"https:\/\/weldtrade.lv\/materialy\/provoloka-svarochnaya\/"},{"@type":"ListItem","position":5,"name":"\u041e\u043c\u0435\u0434\u043d\u0435\u043d\u043d\u0430\u044f \u043f\u0440\u043e\u0432\u043e\u043b\u043e\u043a\u0430 MIG","item":"https:\/\/weldtrade.lv\/materialy\/provoloka-svarochnaya\/omednennaya-provoloka-mig-i-prutki-tig\/"},{"@type":"ListItem","position":6,"name":"\u041f\u0440\u043e\u0432\u043e\u043b\u043e\u043a\u0430 \u043e\u043c\u0435\u0434\u043d\u0435\u043d\u043d\u0430\u044f \u0441\u0432\u0430\u0440\u043e\u0447\u043d\u0430\u044f \u0434.0,6\u043c\u043c\/1\u043a\u0433"}]},{"@type":"WebSite","@id":"https:\/\/weldtrade.lv\/#website","url":"https:\/\/weldtrade.lv\/","name":"Weldtrade.lv - metin\u0101\u0161anas iek\u0101rtas | TORROS","description":"","publisher":{"@id":"https:\/\/weldtrade.lv\/#organization"},"potentialAction":[{"@type":"SearchAction","target":{"@type":"EntryPoint","urlTemplate":"https:\/\/weldtrade.lv\/?s={search_term_string}"},"query-input":{"@type":"PropertyValueSpecification","valueRequired":true,"valueName":"search_term_string"}}],"inLanguage":"ru-RU"},{"@type":"Organization","@id":"https:\/\/weldtrade.lv\/#organization","name":"Weldtrade.lv - metin\u0101\u0161anas iek\u0101rtas | TORROS","url":"https:\/\/weldtrade.lv\/","logo":{"@type":"ImageObject","inLanguage":"ru-RU","@id":"https:\/\/weldtrade.lv\/#\/schema\/logo\/image\/","url":"https:\/\/weldtrade.lv\/wp-content\/uploads\/2025\/01\/wt_logo.webp","contentUrl":"https:\/\/weldtrade.lv\/wp-content\/uploads\/2025\/01\/wt_logo.webp","width":1804,"height":360,"caption":"Weldtrade.lv - metin\u0101\u0161anas iek\u0101rtas | TORROS"},"image":{"@id":"https:\/\/weldtrade.lv\/#\/schema\/logo\/image\/"}}]}},"_links":{"self":[{"href":"https:\/\/weldtrade.lv\/ru\/wp-json\/wp\/v2\/product\/8957","targetHints":{"allow":["GET"]}}],"collection":[{"href":"https:\/\/weldtrade.lv\/ru\/wp-json\/wp\/v2\/product"}],"about":[{"href":"https:\/\/weldtrade.lv\/ru\/wp-json\/wp\/v2\/types\/product"}],"replies":[{"embeddable":true,"href":"https:\/\/weldtrade.lv\/ru\/wp-json\/wp\/v2\/comments?post=8957"}],"wp:attachment":[{"href":"https:\/\/weldtrade.lv\/ru\/wp-json\/wp\/v2\/media?parent=8957"}],"wp:term":[{"taxonomy":"product_brand","embeddable":true,"href":"https:\/\/weldtrade.lv\/ru\/wp-json\/wp\/v2\/product_brand?post=8957"},{"taxonomy":"product_cat","embeddable":true,"href":"https:\/\/weldtrade.lv\/ru\/wp-json\/wp\/v2\/product_cat?post=8957"},{"taxonomy":"product_tag","embeddable":true,"href":"https:\/\/weldtrade.lv\/ru\/wp-json\/wp\/v2\/product_tag?post=8957"}],"curies":[{"name":"wp","href":"https:\/\/api.w.org\/{rel}","templated":true}]}}