{"id":7083,"date":"2025-05-30T13:02:37","date_gmt":"2025-05-30T10:02:37","guid":{"rendered":"https:\/\/weldtrade.lv\/?post_type=product&#038;p=7083"},"modified":"2025-11-12T10:13:36","modified_gmt":"2025-11-12T07:13:36","slug":"pretpiedegsanas-aerosolstorros-400ml-art-113t000002","status":"publish","type":"product","link":"https:\/\/weldtrade.lv\/ru\/product\/pretpiedegsanas-aerosolstorros-400ml-art-113t000002\/","title":{"rendered":"\u0421\u043f\u0440\u0435\u0439 \u0430\u043d\u0442\u0438\u043f\u0440\u0438\u0433\u0430\u0440\u043d\u044b\u0439 TORROS 400\u043c\u043b, \u0430\u0440\u0442.113T000002, (\u0418\u0442\u0430\u043b\u0438\u044f)"},"content":{"rendered":"<p>\u041f\u0440\u0435\u0434\u043d\u0430\u0437\u043d\u0430\u0447\u0435\u043d \u0434\u043b\u044f \u043d\u0430\u043d\u0435\u0441\u0435\u043d\u0438\u044f \u043d\u0430 \u0447\u0430\u0441\u0442\u0438 \u0441\u0432\u0430\u0440\u043e\u0447\u043d\u043e\u0439 \u0433\u043e\u0440\u0435\u043b\u043a\u0438 \u0441 \u0446\u0435\u043b\u044c\u044e \u043f\u0440\u0435\u0434\u043e\u0445\u0440\u0430\u043d\u0435\u043d\u0438\u044f \u0438\u0445 \u043e\u0442 \u0441\u0432\u0430\u0440\u043e\u0447\u043d\u044b\u0445 \u0431\u0440\u044b\u0437\u0433, \u043d\u0430\u0433\u0430\u0440\u0430 \u0438 \u0443\u043c\u0435\u043d\u044c\u0448\u0430\u0435\u0442 \u044d\u0444\u0444\u0435\u043a\u0442 \u043e\u0442 \u0432\u043e\u0437\u0434\u0435\u0439\u0441\u0442\u0432\u0438\u044f \u0442\u0435\u043f\u043b\u0430, \u0447\u0442\u043e \u0443\u0432\u0435\u043b\u0438\u0447\u0438\u0432\u0430\u0435\u0442 \u0440\u0430\u0431\u043e\u0447\u0438\u0439 \u0440\u0435\u0441\u0443\u0440\u0441 \u0441\u0432\u0430\u0440\u043e\u0447\u043d\u044b\u0445 \u0433\u043e\u0440\u0435\u043b\u043e\u043a. \u0421\u043f\u0440\u0435\u0439 \u044f\u0432\u043b\u044f\u0435\u0442\u0441\u044f \u044d\u0444\u0444\u0435\u043a\u0442\u0438\u0432\u043d\u044b\u043c \u0441\u0440\u0435\u0434\u0441\u0442\u0432\u043e\u043c \u044d\u043a\u043e\u043d\u043e\u043c\u0438\u0438 \u0438\u0437\u0434\u0435\u0440\u0436\u0435\u043a \u043d\u0430 \u0437\u0430\u043f\u0430\u0441\u043d\u044b\u0445 \u0447\u0430\u0441\u0442\u044f\u0445. \u041c\u043e\u0436\u0435\u0442 \u043d\u0430\u043d\u043e\u0441\u0438\u0442\u044c\u0441\u044f \u0442\u0430\u043a\u0436\u0435 \u0438 \u043d\u0430 \u0441\u0432\u0430\u0440\u043e\u0447\u043d\u044b\u0435 \u0438\u0437\u0434\u0435\u043b\u0438\u044f. \u041d\u0435 \u0441\u043e\u0434\u0435\u0440\u0436\u0438\u0442 \u0441\u0438\u043b\u0438\u043a\u043e\u043d\u0430. \u041d\u0430\u043d\u043e\u0441\u0438\u0442\u0441\u044f \u0440\u0430\u0441\u043f\u044b\u043b\u0435\u043d\u0438\u0435\u043c.<\/p>\n","protected":false},"excerpt":{"rendered":"<p>\u041f\u0440\u0435\u0434\u043d\u0430\u0437\u043d\u0430\u0447\u0435\u043d \u0434\u043b\u044f \u043d\u0430\u043d\u0435\u0441\u0435\u043d\u0438\u044f \u043d\u0430 \u0447\u0430\u0441\u0442\u0438 \u0441\u0432\u0430\u0440\u043e\u0447\u043d\u043e\u0439 \u0433\u043e\u0440\u0435\u043b\u043a\u0438 \u0441 \u0446\u0435\u043b\u044c\u044e \u043f\u0440\u0435\u0434\u043e\u0445\u0440\u0430\u043d\u0435\u043d\u0438\u044f \u0438\u0445 \u043e\u0442 \u0441\u0432\u0430\u0440\u043e\u0447\u043d\u044b\u0445 \u0431\u0440\u044b\u0437\u0433, \u043d\u0430\u0433\u0430\u0440\u0430 \u0438 \u0443\u043c\u0435\u043d\u044c\u0448\u0430\u0435\u0442 \u044d\u0444\u0444\u0435\u043a\u0442 \u043e\u0442 \u0432\u043e\u0437\u0434\u0435\u0439\u0441\u0442\u0432\u0438\u044f \u0442\u0435\u043f\u043b\u0430, \u0447\u0442\u043e \u0443\u0432\u0435\u043b\u0438\u0447\u0438\u0432\u0430\u0435\u0442 \u0440\u0430\u0431\u043e\u0447\u0438\u0439 \u0440\u0435\u0441\u0443\u0440\u0441 \u0441\u0432\u0430\u0440\u043e\u0447\u043d\u044b\u0445 \u0433\u043e\u0440\u0435\u043b\u043e\u043a. \u0421\u043f\u0440\u0435\u0439 \u044f\u0432\u043b\u044f\u0435\u0442\u0441\u044f \u044d\u0444\u0444\u0435\u043a\u0442\u0438\u0432\u043d\u044b\u043c \u0441\u0440\u0435\u0434\u0441\u0442\u0432\u043e\u043c \u044d\u043a\u043e\u043d\u043e\u043c\u0438\u0438 \u0438\u0437\u0434\u0435\u0440\u0436\u0435\u043a \u043d\u0430 \u0437\u0430\u043f\u0430\u0441\u043d\u044b\u0445 \u0447\u0430\u0441\u0442\u044f\u0445. \u041c\u043e\u0436\u0435\u0442 \u043d\u0430\u043d\u043e\u0441\u0438\u0442\u044c\u0441\u044f \u0442\u0430\u043a\u0436\u0435 \u0438 \u043d\u0430 \u0441\u0432\u0430\u0440\u043e\u0447\u043d\u044b\u0435 \u0438\u0437\u0434\u0435\u043b\u0438\u044f. \u041d\u0435 \u0441\u043e\u0434\u0435\u0440\u0436\u0438\u0442 \u0441\u0438\u043b\u0438\u043a\u043e\u043d\u0430. \u041d\u0430\u043d\u043e\u0441\u0438\u0442\u0441\u044f \u0440\u0430\u0441\u043f\u044b\u043b\u0435\u043d\u0438\u0435\u043c.<\/p>\n","protected":false},"featured_media":5742,"comment_status":"open","ping_status":"closed","template":"","meta":{"_acf_changed":false},"product_brand":[],"product_cat":[73],"product_tag":[],"class_list":{"0":"post-7083","1":"product","2":"type-product","3":"status-publish","4":"has-post-thumbnail","6":"product_cat-antiprigarnye-sredstva-dlya-svarki","8":"first","9":"instock","10":"shipping-taxable","11":"product-type-simple"},"acf":[],"yoast_head":"<!-- This site is optimized with the Yoast SEO plugin v27.4 - https:\/\/yoast.com\/product\/yoast-seo-wordpress\/ -->\n<title>\u0421\u043f\u0440\u0435\u0439 \u0430\u043d\u0442\u0438\u043f\u0440\u0438\u0433\u0430\u0440\u043d\u044b\u0439 TORROS 400\u043c\u043b, \u0430\u0440\u0442.113T000002, (\u0418\u0442\u0430\u043b\u0438\u044f) | Weldtrade.lv - metin\u0101\u0161anas iek\u0101rtas | TORROS<\/title>\n<meta name=\"robots\" content=\"index, follow, max-snippet:-1, max-image-preview:large, max-video-preview:-1\" \/>\n<link rel=\"canonical\" href=\"https:\/\/weldtrade.lv\/product\/pretpiedegsanas-aerosolstorros-400ml-art-113t000002\/\" \/>\n<meta property=\"og:locale\" content=\"ru_RU\" \/>\n<meta property=\"og:type\" content=\"article\" \/>\n<meta property=\"og:title\" content=\"\u0421\u043f\u0440\u0435\u0439 \u0430\u043d\u0442\u0438\u043f\u0440\u0438\u0433\u0430\u0440\u043d\u044b\u0439 TORROS 400\u043c\u043b, \u0430\u0440\u0442.113T000002, (\u0418\u0442\u0430\u043b\u0438\u044f) | Weldtrade.lv - metin\u0101\u0161anas iek\u0101rtas | TORROS\" \/>\n<meta property=\"og:description\" content=\"\u041f\u0440\u0435\u0434\u043d\u0430\u0437\u043d\u0430\u0447\u0435\u043d \u0434\u043b\u044f \u043d\u0430\u043d\u0435\u0441\u0435\u043d\u0438\u044f \u043d\u0430 \u0447\u0430\u0441\u0442\u0438 \u0441\u0432\u0430\u0440\u043e\u0447\u043d\u043e\u0439 \u0433\u043e\u0440\u0435\u043b\u043a\u0438 \u0441 \u0446\u0435\u043b\u044c\u044e \u043f\u0440\u0435\u0434\u043e\u0445\u0440\u0430\u043d\u0435\u043d\u0438\u044f \u0438\u0445 \u043e\u0442 \u0441\u0432\u0430\u0440\u043e\u0447\u043d\u044b\u0445 \u0431\u0440\u044b\u0437\u0433, \u043d\u0430\u0433\u0430\u0440\u0430 \u0438 \u0443\u043c\u0435\u043d\u044c\u0448\u0430\u0435\u0442 \u044d\u0444\u0444\u0435\u043a\u0442 \u043e\u0442 \u0432\u043e\u0437\u0434\u0435\u0439\u0441\u0442\u0432\u0438\u044f \u0442\u0435\u043f\u043b\u0430, \u0447\u0442\u043e \u0443\u0432\u0435\u043b\u0438\u0447\u0438\u0432\u0430\u0435\u0442 \u0440\u0430\u0431\u043e\u0447\u0438\u0439 \u0440\u0435\u0441\u0443\u0440\u0441 \u0441\u0432\u0430\u0440\u043e\u0447\u043d\u044b\u0445 \u0433\u043e\u0440\u0435\u043b\u043e\u043a. \u0421\u043f\u0440\u0435\u0439 \u044f\u0432\u043b\u044f\u0435\u0442\u0441\u044f \u044d\u0444\u0444\u0435\u043a\u0442\u0438\u0432\u043d\u044b\u043c \u0441\u0440\u0435\u0434\u0441\u0442\u0432\u043e\u043c \u044d\u043a\u043e\u043d\u043e\u043c\u0438\u0438 \u0438\u0437\u0434\u0435\u0440\u0436\u0435\u043a \u043d\u0430 \u0437\u0430\u043f\u0430\u0441\u043d\u044b\u0445 \u0447\u0430\u0441\u0442\u044f\u0445. \u041c\u043e\u0436\u0435\u0442 \u043d\u0430\u043d\u043e\u0441\u0438\u0442\u044c\u0441\u044f \u0442\u0430\u043a\u0436\u0435 \u0438 \u043d\u0430 \u0441\u0432\u0430\u0440\u043e\u0447\u043d\u044b\u0435 \u0438\u0437\u0434\u0435\u043b\u0438\u044f. \u041d\u0435 \u0441\u043e\u0434\u0435\u0440\u0436\u0438\u0442 \u0441\u0438\u043b\u0438\u043a\u043e\u043d\u0430. \u041d\u0430\u043d\u043e\u0441\u0438\u0442\u0441\u044f \u0440\u0430\u0441\u043f\u044b\u043b\u0435\u043d\u0438\u0435\u043c.\" \/>\n<meta property=\"og:url\" content=\"https:\/\/weldtrade.lv\/product\/pretpiedegsanas-aerosolstorros-400ml-art-113t000002\/\" \/>\n<meta property=\"og:site_name\" content=\"Weldtrade.lv - metin\u0101\u0161anas iek\u0101rtas | TORROS\" \/>\n<meta property=\"article:modified_time\" content=\"2025-11-12T07:13:36+00:00\" \/>\n<meta property=\"og:image\" content=\"https:\/\/weldtrade.lv\/wp-content\/uploads\/2025\/05\/3164ab0320b311ee80ec0cc47a1468f3_9d064550c1ca11ee81020cc47a1468f3.jpg\" \/>\n\t<meta property=\"og:image:width\" content=\"1000\" \/>\n\t<meta property=\"og:image:height\" content=\"1000\" \/>\n\t<meta property=\"og:image:type\" content=\"image\/jpeg\" \/>\n<meta name=\"twitter:card\" content=\"summary_large_image\" \/>\n<script type=\"application\/ld+json\" class=\"yoast-schema-graph\">{\"@context\":\"https:\\\/\\\/schema.org\",\"@graph\":[{\"@type\":\"WebPage\",\"@id\":\"https:\\\/\\\/weldtrade.lv\\\/product\\\/pretpiedegsanas-aerosolstorros-400ml-art-113t000002\\\/\",\"url\":\"https:\\\/\\\/weldtrade.lv\\\/product\\\/pretpiedegsanas-aerosolstorros-400ml-art-113t000002\\\/\",\"name\":\"\u0421\u043f\u0440\u0435\u0439 \u0430\u043d\u0442\u0438\u043f\u0440\u0438\u0433\u0430\u0440\u043d\u044b\u0439 TORROS 400\u043c\u043b, \u0430\u0440\u0442.113T000002, (\u0418\u0442\u0430\u043b\u0438\u044f) | Weldtrade.lv - metin\u0101\u0161anas iek\u0101rtas | TORROS\",\"isPartOf\":{\"@id\":\"https:\\\/\\\/weldtrade.lv\\\/#website\"},\"primaryImageOfPage\":{\"@id\":\"https:\\\/\\\/weldtrade.lv\\\/product\\\/pretpiedegsanas-aerosolstorros-400ml-art-113t000002\\\/#primaryimage\"},\"image\":{\"@id\":\"https:\\\/\\\/weldtrade.lv\\\/product\\\/pretpiedegsanas-aerosolstorros-400ml-art-113t000002\\\/#primaryimage\"},\"thumbnailUrl\":\"https:\\\/\\\/weldtrade.lv\\\/wp-content\\\/uploads\\\/2025\\\/05\\\/3164ab0320b311ee80ec0cc47a1468f3_9d064550c1ca11ee81020cc47a1468f3.jpg\",\"datePublished\":\"2025-05-30T10:02:37+00:00\",\"dateModified\":\"2025-11-12T07:13:36+00:00\",\"breadcrumb\":{\"@id\":\"https:\\\/\\\/weldtrade.lv\\\/product\\\/pretpiedegsanas-aerosolstorros-400ml-art-113t000002\\\/#breadcrumb\"},\"inLanguage\":\"ru-RU\",\"potentialAction\":[{\"@type\":\"ReadAction\",\"target\":[\"https:\\\/\\\/weldtrade.lv\\\/product\\\/pretpiedegsanas-aerosolstorros-400ml-art-113t000002\\\/\"]}]},{\"@type\":\"ImageObject\",\"inLanguage\":\"ru-RU\",\"@id\":\"https:\\\/\\\/weldtrade.lv\\\/product\\\/pretpiedegsanas-aerosolstorros-400ml-art-113t000002\\\/#primaryimage\",\"url\":\"https:\\\/\\\/weldtrade.lv\\\/wp-content\\\/uploads\\\/2025\\\/05\\\/3164ab0320b311ee80ec0cc47a1468f3_9d064550c1ca11ee81020cc47a1468f3.jpg\",\"contentUrl\":\"https:\\\/\\\/weldtrade.lv\\\/wp-content\\\/uploads\\\/2025\\\/05\\\/3164ab0320b311ee80ec0cc47a1468f3_9d064550c1ca11ee81020cc47a1468f3.jpg\",\"width\":1000,\"height\":1000},{\"@type\":\"BreadcrumbList\",\"@id\":\"https:\\\/\\\/weldtrade.lv\\\/product\\\/pretpiedegsanas-aerosolstorros-400ml-art-113t000002\\\/#breadcrumb\",\"itemListElement\":[{\"@type\":\"ListItem\",\"position\":1,\"name\":\"\u0413\u043b\u0430\u0432\u043d\u0430\u044f\",\"item\":\"https:\\\/\\\/weldtrade.lv\\\/\"},{\"@type\":\"ListItem\",\"position\":2,\"name\":\"\u041a\u0430\u0442\u0430\u043b\u043e\u0433\",\"item\":\"https:\\\/\\\/weldtrade.lv\\\/shop\\\/\"},{\"@type\":\"ListItem\",\"position\":3,\"name\":\"\u041c\u0430\u0442\u0435\u0440\u0438\u0430\u043b\u044b\",\"item\":\"https:\\\/\\\/weldtrade.lv\\\/materialy\\\/\"},{\"@type\":\"ListItem\",\"position\":4,\"name\":\"\u0425\u0438\u043c\u0438\u0447\u0435\u0441\u043a\u0438\u0435 \u0441\u0440\u0435\u0434\u0441\u0442\u0432\u0430\",\"item\":\"https:\\\/\\\/weldtrade.lv\\\/materialy\\\/himicheskie-sredstva\\\/\"},{\"@type\":\"ListItem\",\"position\":5,\"name\":\"\u0410\u043d\u0442\u0438\u043f\u0440\u0438\u0433\u0430\u0440\u043d\u044b\u0435 \u0441\u0440\u0435\u0434\u0441\u0442\u0432\u0430 \u0434\u043b\u044f \u0441\u0432\u0430\u0440\u043a\u0438\",\"item\":\"https:\\\/\\\/weldtrade.lv\\\/materialy\\\/himicheskie-sredstva\\\/antiprigarnye-sredstva-dlya-svarki\\\/\"},{\"@type\":\"ListItem\",\"position\":6,\"name\":\"\u0421\u043f\u0440\u0435\u0439 \u0430\u043d\u0442\u0438\u043f\u0440\u0438\u0433\u0430\u0440\u043d\u044b\u0439 TORROS 400\u043c\u043b, \u0430\u0440\u0442.113T000002, (\u0418\u0442\u0430\u043b\u0438\u044f)\"}]},{\"@type\":\"WebSite\",\"@id\":\"https:\\\/\\\/weldtrade.lv\\\/#website\",\"url\":\"https:\\\/\\\/weldtrade.lv\\\/\",\"name\":\"Weldtrade.lv - metin\u0101\u0161anas iek\u0101rtas | TORROS\",\"description\":\"\",\"publisher\":{\"@id\":\"https:\\\/\\\/weldtrade.lv\\\/#organization\"},\"potentialAction\":[{\"@type\":\"SearchAction\",\"target\":{\"@type\":\"EntryPoint\",\"urlTemplate\":\"https:\\\/\\\/weldtrade.lv\\\/?s={search_term_string}\"},\"query-input\":{\"@type\":\"PropertyValueSpecification\",\"valueRequired\":true,\"valueName\":\"search_term_string\"}}],\"inLanguage\":\"ru-RU\"},{\"@type\":\"Organization\",\"@id\":\"https:\\\/\\\/weldtrade.lv\\\/#organization\",\"name\":\"Weldtrade.lv - metin\u0101\u0161anas iek\u0101rtas | TORROS\",\"url\":\"https:\\\/\\\/weldtrade.lv\\\/\",\"logo\":{\"@type\":\"ImageObject\",\"inLanguage\":\"ru-RU\",\"@id\":\"https:\\\/\\\/weldtrade.lv\\\/#\\\/schema\\\/logo\\\/image\\\/\",\"url\":\"https:\\\/\\\/weldtrade.lv\\\/wp-content\\\/uploads\\\/2025\\\/01\\\/wt_logo.webp\",\"contentUrl\":\"https:\\\/\\\/weldtrade.lv\\\/wp-content\\\/uploads\\\/2025\\\/01\\\/wt_logo.webp\",\"width\":1804,\"height\":360,\"caption\":\"Weldtrade.lv - metin\u0101\u0161anas iek\u0101rtas | TORROS\"},\"image\":{\"@id\":\"https:\\\/\\\/weldtrade.lv\\\/#\\\/schema\\\/logo\\\/image\\\/\"}}]}<\/script>\n<!-- \/ Yoast SEO plugin. -->","yoast_head_json":{"title":"\u0421\u043f\u0440\u0435\u0439 \u0430\u043d\u0442\u0438\u043f\u0440\u0438\u0433\u0430\u0440\u043d\u044b\u0439 TORROS 400\u043c\u043b, \u0430\u0440\u0442.113T000002, (\u0418\u0442\u0430\u043b\u0438\u044f) | Weldtrade.lv - metin\u0101\u0161anas iek\u0101rtas | TORROS","robots":{"index":"index","follow":"follow","max-snippet":"max-snippet:-1","max-image-preview":"max-image-preview:large","max-video-preview":"max-video-preview:-1"},"canonical":"https:\/\/weldtrade.lv\/product\/pretpiedegsanas-aerosolstorros-400ml-art-113t000002\/","og_locale":"ru_RU","og_type":"article","og_title":"\u0421\u043f\u0440\u0435\u0439 \u0430\u043d\u0442\u0438\u043f\u0440\u0438\u0433\u0430\u0440\u043d\u044b\u0439 TORROS 400\u043c\u043b, \u0430\u0440\u0442.113T000002, (\u0418\u0442\u0430\u043b\u0438\u044f) | Weldtrade.lv - metin\u0101\u0161anas iek\u0101rtas | TORROS","og_description":"\u041f\u0440\u0435\u0434\u043d\u0430\u0437\u043d\u0430\u0447\u0435\u043d \u0434\u043b\u044f \u043d\u0430\u043d\u0435\u0441\u0435\u043d\u0438\u044f \u043d\u0430 \u0447\u0430\u0441\u0442\u0438 \u0441\u0432\u0430\u0440\u043e\u0447\u043d\u043e\u0439 \u0433\u043e\u0440\u0435\u043b\u043a\u0438 \u0441 \u0446\u0435\u043b\u044c\u044e \u043f\u0440\u0435\u0434\u043e\u0445\u0440\u0430\u043d\u0435\u043d\u0438\u044f \u0438\u0445 \u043e\u0442 \u0441\u0432\u0430\u0440\u043e\u0447\u043d\u044b\u0445 \u0431\u0440\u044b\u0437\u0433, \u043d\u0430\u0433\u0430\u0440\u0430 \u0438 \u0443\u043c\u0435\u043d\u044c\u0448\u0430\u0435\u0442 \u044d\u0444\u0444\u0435\u043a\u0442 \u043e\u0442 \u0432\u043e\u0437\u0434\u0435\u0439\u0441\u0442\u0432\u0438\u044f \u0442\u0435\u043f\u043b\u0430, \u0447\u0442\u043e \u0443\u0432\u0435\u043b\u0438\u0447\u0438\u0432\u0430\u0435\u0442 \u0440\u0430\u0431\u043e\u0447\u0438\u0439 \u0440\u0435\u0441\u0443\u0440\u0441 \u0441\u0432\u0430\u0440\u043e\u0447\u043d\u044b\u0445 \u0433\u043e\u0440\u0435\u043b\u043e\u043a. \u0421\u043f\u0440\u0435\u0439 \u044f\u0432\u043b\u044f\u0435\u0442\u0441\u044f \u044d\u0444\u0444\u0435\u043a\u0442\u0438\u0432\u043d\u044b\u043c \u0441\u0440\u0435\u0434\u0441\u0442\u0432\u043e\u043c \u044d\u043a\u043e\u043d\u043e\u043c\u0438\u0438 \u0438\u0437\u0434\u0435\u0440\u0436\u0435\u043a \u043d\u0430 \u0437\u0430\u043f\u0430\u0441\u043d\u044b\u0445 \u0447\u0430\u0441\u0442\u044f\u0445. \u041c\u043e\u0436\u0435\u0442 \u043d\u0430\u043d\u043e\u0441\u0438\u0442\u044c\u0441\u044f \u0442\u0430\u043a\u0436\u0435 \u0438 \u043d\u0430 \u0441\u0432\u0430\u0440\u043e\u0447\u043d\u044b\u0435 \u0438\u0437\u0434\u0435\u043b\u0438\u044f. \u041d\u0435 \u0441\u043e\u0434\u0435\u0440\u0436\u0438\u0442 \u0441\u0438\u043b\u0438\u043a\u043e\u043d\u0430. \u041d\u0430\u043d\u043e\u0441\u0438\u0442\u0441\u044f \u0440\u0430\u0441\u043f\u044b\u043b\u0435\u043d\u0438\u0435\u043c.","og_url":"https:\/\/weldtrade.lv\/product\/pretpiedegsanas-aerosolstorros-400ml-art-113t000002\/","og_site_name":"Weldtrade.lv - metin\u0101\u0161anas iek\u0101rtas | TORROS","article_modified_time":"2025-11-12T07:13:36+00:00","og_image":[{"width":1000,"height":1000,"url":"https:\/\/weldtrade.lv\/wp-content\/uploads\/2025\/05\/3164ab0320b311ee80ec0cc47a1468f3_9d064550c1ca11ee81020cc47a1468f3.jpg","type":"image\/jpeg"}],"twitter_card":"summary_large_image","schema":{"@context":"https:\/\/schema.org","@graph":[{"@type":"WebPage","@id":"https:\/\/weldtrade.lv\/product\/pretpiedegsanas-aerosolstorros-400ml-art-113t000002\/","url":"https:\/\/weldtrade.lv\/product\/pretpiedegsanas-aerosolstorros-400ml-art-113t000002\/","name":"\u0421\u043f\u0440\u0435\u0439 \u0430\u043d\u0442\u0438\u043f\u0440\u0438\u0433\u0430\u0440\u043d\u044b\u0439 TORROS 400\u043c\u043b, \u0430\u0440\u0442.113T000002, (\u0418\u0442\u0430\u043b\u0438\u044f) | Weldtrade.lv - metin\u0101\u0161anas iek\u0101rtas | TORROS","isPartOf":{"@id":"https:\/\/weldtrade.lv\/#website"},"primaryImageOfPage":{"@id":"https:\/\/weldtrade.lv\/product\/pretpiedegsanas-aerosolstorros-400ml-art-113t000002\/#primaryimage"},"image":{"@id":"https:\/\/weldtrade.lv\/product\/pretpiedegsanas-aerosolstorros-400ml-art-113t000002\/#primaryimage"},"thumbnailUrl":"https:\/\/weldtrade.lv\/wp-content\/uploads\/2025\/05\/3164ab0320b311ee80ec0cc47a1468f3_9d064550c1ca11ee81020cc47a1468f3.jpg","datePublished":"2025-05-30T10:02:37+00:00","dateModified":"2025-11-12T07:13:36+00:00","breadcrumb":{"@id":"https:\/\/weldtrade.lv\/product\/pretpiedegsanas-aerosolstorros-400ml-art-113t000002\/#breadcrumb"},"inLanguage":"ru-RU","potentialAction":[{"@type":"ReadAction","target":["https:\/\/weldtrade.lv\/product\/pretpiedegsanas-aerosolstorros-400ml-art-113t000002\/"]}]},{"@type":"ImageObject","inLanguage":"ru-RU","@id":"https:\/\/weldtrade.lv\/product\/pretpiedegsanas-aerosolstorros-400ml-art-113t000002\/#primaryimage","url":"https:\/\/weldtrade.lv\/wp-content\/uploads\/2025\/05\/3164ab0320b311ee80ec0cc47a1468f3_9d064550c1ca11ee81020cc47a1468f3.jpg","contentUrl":"https:\/\/weldtrade.lv\/wp-content\/uploads\/2025\/05\/3164ab0320b311ee80ec0cc47a1468f3_9d064550c1ca11ee81020cc47a1468f3.jpg","width":1000,"height":1000},{"@type":"BreadcrumbList","@id":"https:\/\/weldtrade.lv\/product\/pretpiedegsanas-aerosolstorros-400ml-art-113t000002\/#breadcrumb","itemListElement":[{"@type":"ListItem","position":1,"name":"\u0413\u043b\u0430\u0432\u043d\u0430\u044f","item":"https:\/\/weldtrade.lv\/"},{"@type":"ListItem","position":2,"name":"\u041a\u0430\u0442\u0430\u043b\u043e\u0433","item":"https:\/\/weldtrade.lv\/shop\/"},{"@type":"ListItem","position":3,"name":"\u041c\u0430\u0442\u0435\u0440\u0438\u0430\u043b\u044b","item":"https:\/\/weldtrade.lv\/materialy\/"},{"@type":"ListItem","position":4,"name":"\u0425\u0438\u043c\u0438\u0447\u0435\u0441\u043a\u0438\u0435 \u0441\u0440\u0435\u0434\u0441\u0442\u0432\u0430","item":"https:\/\/weldtrade.lv\/materialy\/himicheskie-sredstva\/"},{"@type":"ListItem","position":5,"name":"\u0410\u043d\u0442\u0438\u043f\u0440\u0438\u0433\u0430\u0440\u043d\u044b\u0435 \u0441\u0440\u0435\u0434\u0441\u0442\u0432\u0430 \u0434\u043b\u044f \u0441\u0432\u0430\u0440\u043a\u0438","item":"https:\/\/weldtrade.lv\/materialy\/himicheskie-sredstva\/antiprigarnye-sredstva-dlya-svarki\/"},{"@type":"ListItem","position":6,"name":"\u0421\u043f\u0440\u0435\u0439 \u0430\u043d\u0442\u0438\u043f\u0440\u0438\u0433\u0430\u0440\u043d\u044b\u0439 TORROS 400\u043c\u043b, \u0430\u0440\u0442.113T000002, (\u0418\u0442\u0430\u043b\u0438\u044f)"}]},{"@type":"WebSite","@id":"https:\/\/weldtrade.lv\/#website","url":"https:\/\/weldtrade.lv\/","name":"Weldtrade.lv - metin\u0101\u0161anas iek\u0101rtas | TORROS","description":"","publisher":{"@id":"https:\/\/weldtrade.lv\/#organization"},"potentialAction":[{"@type":"SearchAction","target":{"@type":"EntryPoint","urlTemplate":"https:\/\/weldtrade.lv\/?s={search_term_string}"},"query-input":{"@type":"PropertyValueSpecification","valueRequired":true,"valueName":"search_term_string"}}],"inLanguage":"ru-RU"},{"@type":"Organization","@id":"https:\/\/weldtrade.lv\/#organization","name":"Weldtrade.lv - metin\u0101\u0161anas iek\u0101rtas | TORROS","url":"https:\/\/weldtrade.lv\/","logo":{"@type":"ImageObject","inLanguage":"ru-RU","@id":"https:\/\/weldtrade.lv\/#\/schema\/logo\/image\/","url":"https:\/\/weldtrade.lv\/wp-content\/uploads\/2025\/01\/wt_logo.webp","contentUrl":"https:\/\/weldtrade.lv\/wp-content\/uploads\/2025\/01\/wt_logo.webp","width":1804,"height":360,"caption":"Weldtrade.lv - metin\u0101\u0161anas iek\u0101rtas | TORROS"},"image":{"@id":"https:\/\/weldtrade.lv\/#\/schema\/logo\/image\/"}}]}},"_links":{"self":[{"href":"https:\/\/weldtrade.lv\/ru\/wp-json\/wp\/v2\/product\/7083","targetHints":{"allow":["GET"]}}],"collection":[{"href":"https:\/\/weldtrade.lv\/ru\/wp-json\/wp\/v2\/product"}],"about":[{"href":"https:\/\/weldtrade.lv\/ru\/wp-json\/wp\/v2\/types\/product"}],"replies":[{"embeddable":true,"href":"https:\/\/weldtrade.lv\/ru\/wp-json\/wp\/v2\/comments?post=7083"}],"wp:featuredmedia":[{"embeddable":true,"href":"https:\/\/weldtrade.lv\/ru\/wp-json\/wp\/v2\/media\/5742"}],"wp:attachment":[{"href":"https:\/\/weldtrade.lv\/ru\/wp-json\/wp\/v2\/media?parent=7083"}],"wp:term":[{"taxonomy":"product_brand","embeddable":true,"href":"https:\/\/weldtrade.lv\/ru\/wp-json\/wp\/v2\/product_brand?post=7083"},{"taxonomy":"product_cat","embeddable":true,"href":"https:\/\/weldtrade.lv\/ru\/wp-json\/wp\/v2\/product_cat?post=7083"},{"taxonomy":"product_tag","embeddable":true,"href":"https:\/\/weldtrade.lv\/ru\/wp-json\/wp\/v2\/product_tag?post=7083"}],"curies":[{"name":"wp","href":"https:\/\/api.w.org\/{rel}","templated":true}]}}