{"id":7015,"date":"2025-05-30T12:53:47","date_gmt":"2025-05-30T09:53:47","guid":{"rendered":"https:\/\/weldtrade.lv\/?post_type=product&#038;p=7015"},"modified":"2025-06-18T17:09:05","modified_gmt":"2025-06-18T14:09:05","slug":"tumss-stikls-90110-din-12","status":"publish","type":"product","link":"https:\/\/weldtrade.lv\/ru\/product\/tumss-stikls-90110-din-12\/","title":{"rendered":"\u0421\u0442\u0435\u043a\u043b\u043e \u0437\u0430\u0442\u0435\u043c\u043d\u0435\u043d\u043d\u043e\u0435 90*110 DIN 12"},"content":{"rendered":"","protected":false},"excerpt":{"rendered":"","protected":false},"featured_media":0,"comment_status":"open","ping_status":"closed","template":"","meta":{"_acf_changed":false},"product_brand":[],"product_cat":[50],"product_tag":[],"class_list":{"0":"post-7015","1":"product","2":"type-product","3":"status-publish","5":"product_cat-stekla-dlya-masok-svetofiltry","7":"first","8":"instock","9":"shipping-taxable","10":"product-type-simple"},"acf":[],"yoast_head":"<!-- This site is optimized with the Yoast SEO plugin v27.4 - https:\/\/yoast.com\/product\/yoast-seo-wordpress\/ -->\n<title>\u0421\u0442\u0435\u043a\u043b\u043e \u0437\u0430\u0442\u0435\u043c\u043d\u0435\u043d\u043d\u043e\u0435 90*110 DIN 12 | Weldtrade.lv - metin\u0101\u0161anas iek\u0101rtas | TORROS<\/title>\n<meta name=\"robots\" content=\"index, follow, max-snippet:-1, max-image-preview:large, max-video-preview:-1\" \/>\n<link rel=\"canonical\" href=\"https:\/\/weldtrade.lv\/product\/tumss-stikls-90110-din-12\/\" \/>\n<meta property=\"og:locale\" content=\"ru_RU\" \/>\n<meta property=\"og:type\" content=\"article\" \/>\n<meta property=\"og:title\" content=\"\u0421\u0442\u0435\u043a\u043b\u043e \u0437\u0430\u0442\u0435\u043c\u043d\u0435\u043d\u043d\u043e\u0435 90*110 DIN 12 | Weldtrade.lv - metin\u0101\u0161anas iek\u0101rtas | TORROS\" \/>\n<meta property=\"og:url\" content=\"https:\/\/weldtrade.lv\/product\/tumss-stikls-90110-din-12\/\" \/>\n<meta property=\"og:site_name\" content=\"Weldtrade.lv - metin\u0101\u0161anas iek\u0101rtas | TORROS\" \/>\n<meta property=\"article:modified_time\" content=\"2025-06-18T14:09:05+00:00\" \/>\n<meta name=\"twitter:card\" content=\"summary_large_image\" \/>\n<script type=\"application\/ld+json\" class=\"yoast-schema-graph\">{\"@context\":\"https:\\\/\\\/schema.org\",\"@graph\":[{\"@type\":\"WebPage\",\"@id\":\"https:\\\/\\\/weldtrade.lv\\\/product\\\/tumss-stikls-90110-din-12\\\/\",\"url\":\"https:\\\/\\\/weldtrade.lv\\\/product\\\/tumss-stikls-90110-din-12\\\/\",\"name\":\"\u0421\u0442\u0435\u043a\u043b\u043e \u0437\u0430\u0442\u0435\u043c\u043d\u0435\u043d\u043d\u043e\u0435 90*110 DIN 12 | Weldtrade.lv - metin\u0101\u0161anas iek\u0101rtas | TORROS\",\"isPartOf\":{\"@id\":\"https:\\\/\\\/weldtrade.lv\\\/#website\"},\"datePublished\":\"2025-05-30T09:53:47+00:00\",\"dateModified\":\"2025-06-18T14:09:05+00:00\",\"breadcrumb\":{\"@id\":\"https:\\\/\\\/weldtrade.lv\\\/product\\\/tumss-stikls-90110-din-12\\\/#breadcrumb\"},\"inLanguage\":\"ru-RU\",\"potentialAction\":[{\"@type\":\"ReadAction\",\"target\":[\"https:\\\/\\\/weldtrade.lv\\\/product\\\/tumss-stikls-90110-din-12\\\/\"]}]},{\"@type\":\"BreadcrumbList\",\"@id\":\"https:\\\/\\\/weldtrade.lv\\\/product\\\/tumss-stikls-90110-din-12\\\/#breadcrumb\",\"itemListElement\":[{\"@type\":\"ListItem\",\"position\":1,\"name\":\"\u0413\u043b\u0430\u0432\u043d\u0430\u044f\",\"item\":\"https:\\\/\\\/weldtrade.lv\\\/\"},{\"@type\":\"ListItem\",\"position\":2,\"name\":\"\u041a\u0430\u0442\u0430\u043b\u043e\u0433\",\"item\":\"https:\\\/\\\/weldtrade.lv\\\/shop\\\/\"},{\"@type\":\"ListItem\",\"position\":3,\"name\":\"\u0421\u043d\u0430\u0440\u044f\u0436\u0435\u043d\u0438\u0435\",\"item\":\"https:\\\/\\\/weldtrade.lv\\\/snaryazhenie\\\/\"},{\"@type\":\"ListItem\",\"position\":4,\"name\":\"\u0421\u0440\u0435\u0434\u0441\u0442\u0432\u0430 \u0437\u0430\u0449\u0438\u0442\u044b\",\"item\":\"https:\\\/\\\/weldtrade.lv\\\/snaryazhenie\\\/sredstva-zaschity\\\/\"},{\"@type\":\"ListItem\",\"position\":5,\"name\":\"\u0421\u0442\u0435\u043a\u043b\u0430 \u0434\u043b\u044f \u043c\u0430\u0441\u043e\u043a (\u0441\u0432\u0435\u0442\u043e\u0444\u0438\u043b\u044c\u0442\u0440\u044b)\",\"item\":\"https:\\\/\\\/weldtrade.lv\\\/snaryazhenie\\\/sredstva-zaschity\\\/stekla-dlya-masok-svetofiltry\\\/\"},{\"@type\":\"ListItem\",\"position\":6,\"name\":\"\u0421\u0442\u0435\u043a\u043b\u043e \u0437\u0430\u0442\u0435\u043c\u043d\u0435\u043d\u043d\u043e\u0435 90*110 DIN 12\"}]},{\"@type\":\"WebSite\",\"@id\":\"https:\\\/\\\/weldtrade.lv\\\/#website\",\"url\":\"https:\\\/\\\/weldtrade.lv\\\/\",\"name\":\"Weldtrade.lv - metin\u0101\u0161anas iek\u0101rtas | TORROS\",\"description\":\"\",\"publisher\":{\"@id\":\"https:\\\/\\\/weldtrade.lv\\\/#organization\"},\"potentialAction\":[{\"@type\":\"SearchAction\",\"target\":{\"@type\":\"EntryPoint\",\"urlTemplate\":\"https:\\\/\\\/weldtrade.lv\\\/?s={search_term_string}\"},\"query-input\":{\"@type\":\"PropertyValueSpecification\",\"valueRequired\":true,\"valueName\":\"search_term_string\"}}],\"inLanguage\":\"ru-RU\"},{\"@type\":\"Organization\",\"@id\":\"https:\\\/\\\/weldtrade.lv\\\/#organization\",\"name\":\"Weldtrade.lv - metin\u0101\u0161anas iek\u0101rtas | TORROS\",\"url\":\"https:\\\/\\\/weldtrade.lv\\\/\",\"logo\":{\"@type\":\"ImageObject\",\"inLanguage\":\"ru-RU\",\"@id\":\"https:\\\/\\\/weldtrade.lv\\\/#\\\/schema\\\/logo\\\/image\\\/\",\"url\":\"https:\\\/\\\/weldtrade.lv\\\/wp-content\\\/uploads\\\/2025\\\/01\\\/wt_logo.webp\",\"contentUrl\":\"https:\\\/\\\/weldtrade.lv\\\/wp-content\\\/uploads\\\/2025\\\/01\\\/wt_logo.webp\",\"width\":1804,\"height\":360,\"caption\":\"Weldtrade.lv - metin\u0101\u0161anas iek\u0101rtas | TORROS\"},\"image\":{\"@id\":\"https:\\\/\\\/weldtrade.lv\\\/#\\\/schema\\\/logo\\\/image\\\/\"}}]}<\/script>\n<!-- \/ Yoast SEO plugin. -->","yoast_head_json":{"title":"\u0421\u0442\u0435\u043a\u043b\u043e \u0437\u0430\u0442\u0435\u043c\u043d\u0435\u043d\u043d\u043e\u0435 90*110 DIN 12 | Weldtrade.lv - metin\u0101\u0161anas iek\u0101rtas | TORROS","robots":{"index":"index","follow":"follow","max-snippet":"max-snippet:-1","max-image-preview":"max-image-preview:large","max-video-preview":"max-video-preview:-1"},"canonical":"https:\/\/weldtrade.lv\/product\/tumss-stikls-90110-din-12\/","og_locale":"ru_RU","og_type":"article","og_title":"\u0421\u0442\u0435\u043a\u043b\u043e \u0437\u0430\u0442\u0435\u043c\u043d\u0435\u043d\u043d\u043e\u0435 90*110 DIN 12 | Weldtrade.lv - metin\u0101\u0161anas iek\u0101rtas | TORROS","og_url":"https:\/\/weldtrade.lv\/product\/tumss-stikls-90110-din-12\/","og_site_name":"Weldtrade.lv - metin\u0101\u0161anas iek\u0101rtas | TORROS","article_modified_time":"2025-06-18T14:09:05+00:00","twitter_card":"summary_large_image","schema":{"@context":"https:\/\/schema.org","@graph":[{"@type":"WebPage","@id":"https:\/\/weldtrade.lv\/product\/tumss-stikls-90110-din-12\/","url":"https:\/\/weldtrade.lv\/product\/tumss-stikls-90110-din-12\/","name":"\u0421\u0442\u0435\u043a\u043b\u043e \u0437\u0430\u0442\u0435\u043c\u043d\u0435\u043d\u043d\u043e\u0435 90*110 DIN 12 | Weldtrade.lv - metin\u0101\u0161anas iek\u0101rtas | TORROS","isPartOf":{"@id":"https:\/\/weldtrade.lv\/#website"},"datePublished":"2025-05-30T09:53:47+00:00","dateModified":"2025-06-18T14:09:05+00:00","breadcrumb":{"@id":"https:\/\/weldtrade.lv\/product\/tumss-stikls-90110-din-12\/#breadcrumb"},"inLanguage":"ru-RU","potentialAction":[{"@type":"ReadAction","target":["https:\/\/weldtrade.lv\/product\/tumss-stikls-90110-din-12\/"]}]},{"@type":"BreadcrumbList","@id":"https:\/\/weldtrade.lv\/product\/tumss-stikls-90110-din-12\/#breadcrumb","itemListElement":[{"@type":"ListItem","position":1,"name":"\u0413\u043b\u0430\u0432\u043d\u0430\u044f","item":"https:\/\/weldtrade.lv\/"},{"@type":"ListItem","position":2,"name":"\u041a\u0430\u0442\u0430\u043b\u043e\u0433","item":"https:\/\/weldtrade.lv\/shop\/"},{"@type":"ListItem","position":3,"name":"\u0421\u043d\u0430\u0440\u044f\u0436\u0435\u043d\u0438\u0435","item":"https:\/\/weldtrade.lv\/snaryazhenie\/"},{"@type":"ListItem","position":4,"name":"\u0421\u0440\u0435\u0434\u0441\u0442\u0432\u0430 \u0437\u0430\u0449\u0438\u0442\u044b","item":"https:\/\/weldtrade.lv\/snaryazhenie\/sredstva-zaschity\/"},{"@type":"ListItem","position":5,"name":"\u0421\u0442\u0435\u043a\u043b\u0430 \u0434\u043b\u044f \u043c\u0430\u0441\u043e\u043a (\u0441\u0432\u0435\u0442\u043e\u0444\u0438\u043b\u044c\u0442\u0440\u044b)","item":"https:\/\/weldtrade.lv\/snaryazhenie\/sredstva-zaschity\/stekla-dlya-masok-svetofiltry\/"},{"@type":"ListItem","position":6,"name":"\u0421\u0442\u0435\u043a\u043b\u043e \u0437\u0430\u0442\u0435\u043c\u043d\u0435\u043d\u043d\u043e\u0435 90*110 DIN 12"}]},{"@type":"WebSite","@id":"https:\/\/weldtrade.lv\/#website","url":"https:\/\/weldtrade.lv\/","name":"Weldtrade.lv - metin\u0101\u0161anas iek\u0101rtas | TORROS","description":"","publisher":{"@id":"https:\/\/weldtrade.lv\/#organization"},"potentialAction":[{"@type":"SearchAction","target":{"@type":"EntryPoint","urlTemplate":"https:\/\/weldtrade.lv\/?s={search_term_string}"},"query-input":{"@type":"PropertyValueSpecification","valueRequired":true,"valueName":"search_term_string"}}],"inLanguage":"ru-RU"},{"@type":"Organization","@id":"https:\/\/weldtrade.lv\/#organization","name":"Weldtrade.lv - metin\u0101\u0161anas iek\u0101rtas | TORROS","url":"https:\/\/weldtrade.lv\/","logo":{"@type":"ImageObject","inLanguage":"ru-RU","@id":"https:\/\/weldtrade.lv\/#\/schema\/logo\/image\/","url":"https:\/\/weldtrade.lv\/wp-content\/uploads\/2025\/01\/wt_logo.webp","contentUrl":"https:\/\/weldtrade.lv\/wp-content\/uploads\/2025\/01\/wt_logo.webp","width":1804,"height":360,"caption":"Weldtrade.lv - metin\u0101\u0161anas iek\u0101rtas | TORROS"},"image":{"@id":"https:\/\/weldtrade.lv\/#\/schema\/logo\/image\/"}}]}},"_links":{"self":[{"href":"https:\/\/weldtrade.lv\/ru\/wp-json\/wp\/v2\/product\/7015","targetHints":{"allow":["GET"]}}],"collection":[{"href":"https:\/\/weldtrade.lv\/ru\/wp-json\/wp\/v2\/product"}],"about":[{"href":"https:\/\/weldtrade.lv\/ru\/wp-json\/wp\/v2\/types\/product"}],"replies":[{"embeddable":true,"href":"https:\/\/weldtrade.lv\/ru\/wp-json\/wp\/v2\/comments?post=7015"}],"wp:attachment":[{"href":"https:\/\/weldtrade.lv\/ru\/wp-json\/wp\/v2\/media?parent=7015"}],"wp:term":[{"taxonomy":"product_brand","embeddable":true,"href":"https:\/\/weldtrade.lv\/ru\/wp-json\/wp\/v2\/product_brand?post=7015"},{"taxonomy":"product_cat","embeddable":true,"href":"https:\/\/weldtrade.lv\/ru\/wp-json\/wp\/v2\/product_cat?post=7015"},{"taxonomy":"product_tag","embeddable":true,"href":"https:\/\/weldtrade.lv\/ru\/wp-json\/wp\/v2\/product_tag?post=7015"}],"curies":[{"name":"wp","href":"https:\/\/api.w.org\/{rel}","templated":true}]}}