{"id":6672,"date":"2025-05-30T12:35:15","date_gmt":"2025-05-30T09:35:15","guid":{"rendered":"https:\/\/weldtrade.lv\/?post_type=product&#038;p=6672"},"modified":"2025-08-25T12:20:26","modified_gmt":"2025-08-25T09:20:26","slug":"aluminija-metinasanas-stieni-torros-5356-tig-16mm-l1000mm-almg5-art-303t165002","status":"publish","type":"product","link":"https:\/\/weldtrade.lv\/ru\/product\/aluminija-metinasanas-stieni-torros-5356-tig-16mm-l1000mm-almg5-art-303t165002\/","title":{"rendered":"\u041f\u0440\u0443\u0442\u043a\u0438 \u0430\u043b\u044e\u043c\u0438\u043d\u0438\u0435\u0432\u044b\u0435 TORROS 5356 TIG 1,6\u043c\u043c L=1000\u043c\u043c \u0442\u0443\u0431\u0443\u0441 5\u043a\u0433 AlMg5, \u0430\u0440\u0442.303T165002 (\u041a\u0438\u0442\u0430\u0439)"},"content":{"rendered":"<p>\u0410\u043b\u044e\u043c\u0438\u043d\u0438\u0435\u0432\u0430\u044f \u0441\u0432\u0430\u0440\u043e\u0447\u043d\u0430\u044f \u043f\u0440\u043e\u0432\u043e\u043b\u043e\u043a\u0430 \u0434\u043b\u044f \u0441\u0432\u0430\u0440\u043a\u0438 \u043b\u0438\u0442\u0435\u0439\u043d\u044b\u0445 \u0441\u043f\u043b\u0430\u0432\u043e\u0432 Al-Si, Al-Si-Mg, \u0441 \u0441\u043e\u0434\u0435\u0440\u0436\u0430\u043d\u0438\u0435\u043c \u043a\u0440\u0435\u043c\u043d\u0438\u044f (Si) \u0434\u043e 5%  (\u0442\u0430\u043a\u0438\u0445 \u043a\u0430\u043a \u0410\u041431, \u0410\u041433 \u0438 \u0410\u0414 35 \u0438 \u0442.\u043f.), \u0430\u043b\u044e\u043c\u0438\u043d\u0438\u0435\u0432\u044b\u0445 \u0441\u043f\u043b\u0430\u0432\u043e\u0432 \u0442\u0438\u043f\u0430 6\u0425\u0425\u0425, \u0441\u043e\u0434\u0435\u0440\u0436\u0430\u0449\u0438\u0445 \u0434\u043e 2% \u043b\u0435\u0433\u0438\u0440\u0443\u044e\u0449\u0438\u0445 \u044d\u043b\u0435\u043c\u0435\u043d\u0442\u043e\u0432 (\u0441\u0443\u043c\u043c\u0430\u0440\u043d\u043e), \u0430 \u0442\u0430\u043a \u0436\u0435 \u0434\u043b\u044f \u0441\u0432\u0430\u0440\u043a\u0438 Al-Si-Cu \u0441\u043f\u043b\u0430\u0432\u043e\u0432 \u0441 \u0434\u0440\u0443\u0433\u0438\u043c\u0438 \u0430\u043b\u044e\u043c\u0438\u043d\u0438\u0435\u0432\u044b\u043c\u0438 \u0441\u043f\u043b\u0430\u0432\u0430\u043c\u0438. \u0412\u044b\u0441\u043e\u043a\u043e\u0435 \u0441\u043e\u0434\u0435\u0440\u0436\u0430\u043d\u0438\u0435 \u043a\u0440\u0435\u043c\u043d\u0438\u044f \u0441\u043f\u043e\u0441\u043e\u0431\u0441\u0442\u0432\u0443\u0435\u0442 \u0445\u043e\u0440\u043e\u0448\u0435\u0439 \u0441\u043c\u0430\u0447\u0438\u0432\u0430\u0435\u043c\u043e\u0441\u0442\u0438 \u043a\u0440\u043e\u043c\u043e\u043a, \u0447\u0442\u043e \u0443\u043b\u0443\u0447\u0448\u0430\u0435\u0442 \u0441\u0432\u0430\u0440\u0438\u0432\u0430\u0435\u043c\u043e\u0441\u0442\u044c. \u041d\u0430\u043f\u043b\u0430\u0432\u043b\u0435\u043d\u043d\u044b\u0439 \u043c\u0435\u0442\u0430\u043b\u043b \u043d\u0435 \u0441\u043a\u043b\u043e\u043d\u0435\u043d \u043a \u043e\u0431\u0440\u0430\u0437\u043e\u0432\u0430\u043d\u0438\u044e \u0433\u043e\u0440\u044f\u0447\u0438\u0445 \u0442\u0440\u0435\u0449\u0438\u043d. \u0414\u043b\u044f \u0438\u0437\u0434\u0435\u043b\u0438\u0439 \u0442\u043e\u043b\u0449\u0438\u043d\u043e\u0439 \u0441\u0432\u044b\u0448\u0435 15 \u043c\u043c \u0442\u0440\u0435\u0431\u0443\u0435\u0442\u0441\u044f \u043f\u0440\u0435\u0434\u0432\u0430\u0440\u0438\u0442\u0435\u043b\u044c\u043d\u044b\u0439 \u043f\u043e\u0434\u043e\u0433\u0440\u0435\u0432 \u0434\u043e 150 \u2013 200\u00b0C, \u0447\u0442\u043e \u0441\u043d\u0438\u0436\u0430\u0435\u0442 \u0432\u0435\u0440\u043e\u044f\u0442\u043d\u043e\u0441\u0442\u044c \u043e\u0431\u0440\u0430\u0437\u043e\u0432\u0430\u043d\u0438\u044f \u043f\u043e\u0440.<\/p>\n","protected":false},"excerpt":{"rendered":"<p>\u0410\u043b\u044e\u043c\u0438\u043d\u0438\u0435\u0432\u0430\u044f \u0441\u0432\u0430\u0440\u043e\u0447\u043d\u0430\u044f \u043f\u0440\u043e\u0432\u043e\u043b\u043e\u043a\u0430 \u0434\u043b\u044f \u0441\u0432\u0430\u0440\u043a\u0438 \u043b\u0438\u0442\u0435\u0439\u043d\u044b\u0445 \u0441\u043f\u043b\u0430\u0432\u043e\u0432 Al-Si, Al-Si-Mg, \u0441 \u0441\u043e\u0434\u0435\u0440\u0436\u0430\u043d\u0438\u0435\u043c \u043a\u0440\u0435\u043c\u043d\u0438\u044f (Si) \u0434\u043e 5% (\u0442\u0430\u043a\u0438\u0445 \u043a\u0430\u043a \u0410\u041431, \u0410\u041433 \u0438 \u0410\u0414 35 \u0438 \u0442.\u043f.), \u0430\u043b\u044e\u043c\u0438\u043d\u0438\u0435\u0432\u044b\u0445 \u0441\u043f\u043b\u0430\u0432\u043e\u0432 \u0442\u0438\u043f\u0430 6\u0425\u0425\u0425, \u0441\u043e\u0434\u0435\u0440\u0436\u0430\u0449\u0438\u0445 \u0434\u043e 2% \u043b\u0435\u0433\u0438\u0440\u0443\u044e\u0449\u0438\u0445 \u044d\u043b\u0435\u043c\u0435\u043d\u0442\u043e\u0432 (\u0441\u0443\u043c\u043c\u0430\u0440\u043d\u043e), \u0430 \u0442\u0430\u043a \u0436\u0435 \u0434\u043b\u044f \u0441\u0432\u0430\u0440\u043a\u0438 Al-Si-Cu \u0441\u043f\u043b\u0430\u0432\u043e\u0432 \u0441 \u0434\u0440\u0443\u0433\u0438\u043c\u0438 \u0430\u043b\u044e\u043c\u0438\u043d\u0438\u0435\u0432\u044b\u043c\u0438 \u0441\u043f\u043b\u0430\u0432\u0430\u043c\u0438. \u0412\u044b\u0441\u043e\u043a\u043e\u0435 \u0441\u043e\u0434\u0435\u0440\u0436\u0430\u043d\u0438\u0435 \u043a\u0440\u0435\u043c\u043d\u0438\u044f \u0441\u043f\u043e\u0441\u043e\u0431\u0441\u0442\u0432\u0443\u0435\u0442 \u0445\u043e\u0440\u043e\u0448\u0435\u0439 \u0441\u043c\u0430\u0447\u0438\u0432\u0430\u0435\u043c\u043e\u0441\u0442\u0438 \u043a\u0440\u043e\u043c\u043e\u043a, \u0447\u0442\u043e \u0443\u043b\u0443\u0447\u0448\u0430\u0435\u0442 \u0441\u0432\u0430\u0440\u0438\u0432\u0430\u0435\u043c\u043e\u0441\u0442\u044c. [&hellip;]<\/p>\n","protected":false},"featured_media":4879,"comment_status":"open","ping_status":"closed","template":"","meta":{"_acf_changed":false},"product_brand":[],"product_cat":[3067],"product_tag":[],"class_list":{"0":"post-6672","1":"product","2":"type-product","3":"status-publish","4":"has-post-thumbnail","6":"product_cat-alyuminievye-prutki-tig","8":"first","9":"instock","10":"shipping-taxable","11":"product-type-simple"},"acf":[],"yoast_head":"<!-- This site is optimized with the Yoast SEO plugin v27.4 - https:\/\/yoast.com\/product\/yoast-seo-wordpress\/ -->\n<title>\u041f\u0440\u0443\u0442\u043a\u0438 \u0430\u043b\u044e\u043c\u0438\u043d\u0438\u0435\u0432\u044b\u0435 TORROS 5356 TIG 1,6\u043c\u043c L=1000\u043c\u043c \u0442\u0443\u0431\u0443\u0441 5\u043a\u0433 AlMg5, \u0430\u0440\u0442.303T165002 (\u041a\u0438\u0442\u0430\u0439) | Weldtrade.lv - metin\u0101\u0161anas iek\u0101rtas | TORROS<\/title>\n<meta name=\"robots\" content=\"index, follow, max-snippet:-1, max-image-preview:large, max-video-preview:-1\" \/>\n<link rel=\"canonical\" href=\"https:\/\/weldtrade.lv\/product\/aluminija-metinasanas-stieni-torros-5356-tig-16mm-l1000mm-almg5-art-303t165002\/\" \/>\n<meta property=\"og:locale\" content=\"ru_RU\" \/>\n<meta property=\"og:type\" content=\"article\" \/>\n<meta property=\"og:title\" content=\"\u041f\u0440\u0443\u0442\u043a\u0438 \u0430\u043b\u044e\u043c\u0438\u043d\u0438\u0435\u0432\u044b\u0435 TORROS 5356 TIG 1,6\u043c\u043c L=1000\u043c\u043c \u0442\u0443\u0431\u0443\u0441 5\u043a\u0433 AlMg5, \u0430\u0440\u0442.303T165002 (\u041a\u0438\u0442\u0430\u0439) | Weldtrade.lv - metin\u0101\u0161anas iek\u0101rtas | TORROS\" \/>\n<meta property=\"og:description\" content=\"\u0410\u043b\u044e\u043c\u0438\u043d\u0438\u0435\u0432\u0430\u044f \u0441\u0432\u0430\u0440\u043e\u0447\u043d\u0430\u044f \u043f\u0440\u043e\u0432\u043e\u043b\u043e\u043a\u0430 \u0434\u043b\u044f \u0441\u0432\u0430\u0440\u043a\u0438 \u043b\u0438\u0442\u0435\u0439\u043d\u044b\u0445 \u0441\u043f\u043b\u0430\u0432\u043e\u0432 Al-Si, Al-Si-Mg, \u0441 \u0441\u043e\u0434\u0435\u0440\u0436\u0430\u043d\u0438\u0435\u043c \u043a\u0440\u0435\u043c\u043d\u0438\u044f (Si) \u0434\u043e 5% (\u0442\u0430\u043a\u0438\u0445 \u043a\u0430\u043a \u0410\u041431, \u0410\u041433 \u0438 \u0410\u0414 35 \u0438 \u0442.\u043f.), \u0430\u043b\u044e\u043c\u0438\u043d\u0438\u0435\u0432\u044b\u0445 \u0441\u043f\u043b\u0430\u0432\u043e\u0432 \u0442\u0438\u043f\u0430 6\u0425\u0425\u0425, \u0441\u043e\u0434\u0435\u0440\u0436\u0430\u0449\u0438\u0445 \u0434\u043e 2% \u043b\u0435\u0433\u0438\u0440\u0443\u044e\u0449\u0438\u0445 \u044d\u043b\u0435\u043c\u0435\u043d\u0442\u043e\u0432 (\u0441\u0443\u043c\u043c\u0430\u0440\u043d\u043e), \u0430 \u0442\u0430\u043a \u0436\u0435 \u0434\u043b\u044f \u0441\u0432\u0430\u0440\u043a\u0438 Al-Si-Cu \u0441\u043f\u043b\u0430\u0432\u043e\u0432 \u0441 \u0434\u0440\u0443\u0433\u0438\u043c\u0438 \u0430\u043b\u044e\u043c\u0438\u043d\u0438\u0435\u0432\u044b\u043c\u0438 \u0441\u043f\u043b\u0430\u0432\u0430\u043c\u0438. \u0412\u044b\u0441\u043e\u043a\u043e\u0435 \u0441\u043e\u0434\u0435\u0440\u0436\u0430\u043d\u0438\u0435 \u043a\u0440\u0435\u043c\u043d\u0438\u044f \u0441\u043f\u043e\u0441\u043e\u0431\u0441\u0442\u0432\u0443\u0435\u0442 \u0445\u043e\u0440\u043e\u0448\u0435\u0439 \u0441\u043c\u0430\u0447\u0438\u0432\u0430\u0435\u043c\u043e\u0441\u0442\u0438 \u043a\u0440\u043e\u043c\u043e\u043a, \u0447\u0442\u043e \u0443\u043b\u0443\u0447\u0448\u0430\u0435\u0442 \u0441\u0432\u0430\u0440\u0438\u0432\u0430\u0435\u043c\u043e\u0441\u0442\u044c. [&hellip;]\" \/>\n<meta property=\"og:url\" content=\"https:\/\/weldtrade.lv\/product\/aluminija-metinasanas-stieni-torros-5356-tig-16mm-l1000mm-almg5-art-303t165002\/\" \/>\n<meta property=\"og:site_name\" content=\"Weldtrade.lv - metin\u0101\u0161anas iek\u0101rtas | TORROS\" \/>\n<meta property=\"article:modified_time\" content=\"2025-08-25T09:20:26+00:00\" \/>\n<meta property=\"og:image\" content=\"https:\/\/weldtrade.lv\/wp-content\/uploads\/2025\/02\/a558a6f44ede11e981a97054d290892a_82ccae3dfcbb11ee810e0cc47a1468f3-1.jpg\" \/>\n\t<meta property=\"og:image:width\" content=\"1000\" \/>\n\t<meta property=\"og:image:height\" content=\"1000\" \/>\n\t<meta property=\"og:image:type\" content=\"image\/jpeg\" \/>\n<meta name=\"twitter:card\" content=\"summary_large_image\" \/>\n<script type=\"application\/ld+json\" class=\"yoast-schema-graph\">{\"@context\":\"https:\\\/\\\/schema.org\",\"@graph\":[{\"@type\":\"WebPage\",\"@id\":\"https:\\\/\\\/weldtrade.lv\\\/product\\\/aluminija-metinasanas-stieni-torros-5356-tig-16mm-l1000mm-almg5-art-303t165002\\\/\",\"url\":\"https:\\\/\\\/weldtrade.lv\\\/product\\\/aluminija-metinasanas-stieni-torros-5356-tig-16mm-l1000mm-almg5-art-303t165002\\\/\",\"name\":\"\u041f\u0440\u0443\u0442\u043a\u0438 \u0430\u043b\u044e\u043c\u0438\u043d\u0438\u0435\u0432\u044b\u0435 TORROS 5356 TIG 1,6\u043c\u043c L=1000\u043c\u043c \u0442\u0443\u0431\u0443\u0441 5\u043a\u0433 AlMg5, \u0430\u0440\u0442.303T165002 (\u041a\u0438\u0442\u0430\u0439) | Weldtrade.lv - metin\u0101\u0161anas iek\u0101rtas | TORROS\",\"isPartOf\":{\"@id\":\"https:\\\/\\\/weldtrade.lv\\\/#website\"},\"primaryImageOfPage\":{\"@id\":\"https:\\\/\\\/weldtrade.lv\\\/product\\\/aluminija-metinasanas-stieni-torros-5356-tig-16mm-l1000mm-almg5-art-303t165002\\\/#primaryimage\"},\"image\":{\"@id\":\"https:\\\/\\\/weldtrade.lv\\\/product\\\/aluminija-metinasanas-stieni-torros-5356-tig-16mm-l1000mm-almg5-art-303t165002\\\/#primaryimage\"},\"thumbnailUrl\":\"https:\\\/\\\/weldtrade.lv\\\/wp-content\\\/uploads\\\/2025\\\/02\\\/a558a6f44ede11e981a97054d290892a_82ccae3dfcbb11ee810e0cc47a1468f3-1.jpg\",\"datePublished\":\"2025-05-30T09:35:15+00:00\",\"dateModified\":\"2025-08-25T09:20:26+00:00\",\"breadcrumb\":{\"@id\":\"https:\\\/\\\/weldtrade.lv\\\/product\\\/aluminija-metinasanas-stieni-torros-5356-tig-16mm-l1000mm-almg5-art-303t165002\\\/#breadcrumb\"},\"inLanguage\":\"ru-RU\",\"potentialAction\":[{\"@type\":\"ReadAction\",\"target\":[\"https:\\\/\\\/weldtrade.lv\\\/product\\\/aluminija-metinasanas-stieni-torros-5356-tig-16mm-l1000mm-almg5-art-303t165002\\\/\"]}]},{\"@type\":\"ImageObject\",\"inLanguage\":\"ru-RU\",\"@id\":\"https:\\\/\\\/weldtrade.lv\\\/product\\\/aluminija-metinasanas-stieni-torros-5356-tig-16mm-l1000mm-almg5-art-303t165002\\\/#primaryimage\",\"url\":\"https:\\\/\\\/weldtrade.lv\\\/wp-content\\\/uploads\\\/2025\\\/02\\\/a558a6f44ede11e981a97054d290892a_82ccae3dfcbb11ee810e0cc47a1468f3-1.jpg\",\"contentUrl\":\"https:\\\/\\\/weldtrade.lv\\\/wp-content\\\/uploads\\\/2025\\\/02\\\/a558a6f44ede11e981a97054d290892a_82ccae3dfcbb11ee810e0cc47a1468f3-1.jpg\",\"width\":1000,\"height\":1000},{\"@type\":\"BreadcrumbList\",\"@id\":\"https:\\\/\\\/weldtrade.lv\\\/product\\\/aluminija-metinasanas-stieni-torros-5356-tig-16mm-l1000mm-almg5-art-303t165002\\\/#breadcrumb\",\"itemListElement\":[{\"@type\":\"ListItem\",\"position\":1,\"name\":\"\u0413\u043b\u0430\u0432\u043d\u0430\u044f\",\"item\":\"https:\\\/\\\/weldtrade.lv\\\/\"},{\"@type\":\"ListItem\",\"position\":2,\"name\":\"\u041a\u0430\u0442\u0430\u043b\u043e\u0433\",\"item\":\"https:\\\/\\\/weldtrade.lv\\\/shop\\\/\"},{\"@type\":\"ListItem\",\"position\":3,\"name\":\"\u041c\u0430\u0442\u0435\u0440\u0438\u0430\u043b\u044b\",\"item\":\"https:\\\/\\\/weldtrade.lv\\\/materialy\\\/\"},{\"@type\":\"ListItem\",\"position\":4,\"name\":\"\u041f\u0440\u043e\u0432\u043e\u043b\u043e\u043a\u0430 \u0441\u0432\u0430\u0440\u043e\u0447\u043d\u0430\u044f\",\"item\":\"https:\\\/\\\/weldtrade.lv\\\/materialy\\\/provoloka-svarochnaya\\\/\"},{\"@type\":\"ListItem\",\"position\":5,\"name\":\"\u0410\u043b\u044e\u043c\u0438\u043d\u0438\u0435\u0432\u0430\u044f \u043f\u0440\u043e\u0432\u043e\u043b\u043e\u043a\u0430 MIG\",\"item\":\"https:\\\/\\\/weldtrade.lv\\\/materialy\\\/provoloka-svarochnaya\\\/alyuminievaya-provoloka-mig-i-prutki-tig\\\/\"},{\"@type\":\"ListItem\",\"position\":6,\"name\":\"\u041f\u0440\u0443\u0442\u043a\u0438 \u0430\u043b\u044e\u043c\u0438\u043d\u0438\u0435\u0432\u044b\u0435 TORROS 5356 TIG 1,6\u043c\u043c L=1000\u043c\u043c \u0442\u0443\u0431\u0443\u0441 5\u043a\u0433 AlMg5, \u0430\u0440\u0442.303T165002 (\u041a\u0438\u0442\u0430\u0439)\"}]},{\"@type\":\"WebSite\",\"@id\":\"https:\\\/\\\/weldtrade.lv\\\/#website\",\"url\":\"https:\\\/\\\/weldtrade.lv\\\/\",\"name\":\"Weldtrade.lv - metin\u0101\u0161anas iek\u0101rtas | TORROS\",\"description\":\"\",\"publisher\":{\"@id\":\"https:\\\/\\\/weldtrade.lv\\\/#organization\"},\"potentialAction\":[{\"@type\":\"SearchAction\",\"target\":{\"@type\":\"EntryPoint\",\"urlTemplate\":\"https:\\\/\\\/weldtrade.lv\\\/?s={search_term_string}\"},\"query-input\":{\"@type\":\"PropertyValueSpecification\",\"valueRequired\":true,\"valueName\":\"search_term_string\"}}],\"inLanguage\":\"ru-RU\"},{\"@type\":\"Organization\",\"@id\":\"https:\\\/\\\/weldtrade.lv\\\/#organization\",\"name\":\"Weldtrade.lv - metin\u0101\u0161anas iek\u0101rtas | TORROS\",\"url\":\"https:\\\/\\\/weldtrade.lv\\\/\",\"logo\":{\"@type\":\"ImageObject\",\"inLanguage\":\"ru-RU\",\"@id\":\"https:\\\/\\\/weldtrade.lv\\\/#\\\/schema\\\/logo\\\/image\\\/\",\"url\":\"https:\\\/\\\/weldtrade.lv\\\/wp-content\\\/uploads\\\/2025\\\/01\\\/wt_logo.webp\",\"contentUrl\":\"https:\\\/\\\/weldtrade.lv\\\/wp-content\\\/uploads\\\/2025\\\/01\\\/wt_logo.webp\",\"width\":1804,\"height\":360,\"caption\":\"Weldtrade.lv - metin\u0101\u0161anas iek\u0101rtas | TORROS\"},\"image\":{\"@id\":\"https:\\\/\\\/weldtrade.lv\\\/#\\\/schema\\\/logo\\\/image\\\/\"}}]}<\/script>\n<!-- \/ Yoast SEO plugin. -->","yoast_head_json":{"title":"\u041f\u0440\u0443\u0442\u043a\u0438 \u0430\u043b\u044e\u043c\u0438\u043d\u0438\u0435\u0432\u044b\u0435 TORROS 5356 TIG 1,6\u043c\u043c L=1000\u043c\u043c \u0442\u0443\u0431\u0443\u0441 5\u043a\u0433 AlMg5, \u0430\u0440\u0442.303T165002 (\u041a\u0438\u0442\u0430\u0439) | Weldtrade.lv - metin\u0101\u0161anas iek\u0101rtas | TORROS","robots":{"index":"index","follow":"follow","max-snippet":"max-snippet:-1","max-image-preview":"max-image-preview:large","max-video-preview":"max-video-preview:-1"},"canonical":"https:\/\/weldtrade.lv\/product\/aluminija-metinasanas-stieni-torros-5356-tig-16mm-l1000mm-almg5-art-303t165002\/","og_locale":"ru_RU","og_type":"article","og_title":"\u041f\u0440\u0443\u0442\u043a\u0438 \u0430\u043b\u044e\u043c\u0438\u043d\u0438\u0435\u0432\u044b\u0435 TORROS 5356 TIG 1,6\u043c\u043c L=1000\u043c\u043c \u0442\u0443\u0431\u0443\u0441 5\u043a\u0433 AlMg5, \u0430\u0440\u0442.303T165002 (\u041a\u0438\u0442\u0430\u0439) | Weldtrade.lv - metin\u0101\u0161anas iek\u0101rtas | TORROS","og_description":"\u0410\u043b\u044e\u043c\u0438\u043d\u0438\u0435\u0432\u0430\u044f \u0441\u0432\u0430\u0440\u043e\u0447\u043d\u0430\u044f \u043f\u0440\u043e\u0432\u043e\u043b\u043e\u043a\u0430 \u0434\u043b\u044f \u0441\u0432\u0430\u0440\u043a\u0438 \u043b\u0438\u0442\u0435\u0439\u043d\u044b\u0445 \u0441\u043f\u043b\u0430\u0432\u043e\u0432 Al-Si, Al-Si-Mg, \u0441 \u0441\u043e\u0434\u0435\u0440\u0436\u0430\u043d\u0438\u0435\u043c \u043a\u0440\u0435\u043c\u043d\u0438\u044f (Si) \u0434\u043e 5% (\u0442\u0430\u043a\u0438\u0445 \u043a\u0430\u043a \u0410\u041431, \u0410\u041433 \u0438 \u0410\u0414 35 \u0438 \u0442.\u043f.), \u0430\u043b\u044e\u043c\u0438\u043d\u0438\u0435\u0432\u044b\u0445 \u0441\u043f\u043b\u0430\u0432\u043e\u0432 \u0442\u0438\u043f\u0430 6\u0425\u0425\u0425, \u0441\u043e\u0434\u0435\u0440\u0436\u0430\u0449\u0438\u0445 \u0434\u043e 2% \u043b\u0435\u0433\u0438\u0440\u0443\u044e\u0449\u0438\u0445 \u044d\u043b\u0435\u043c\u0435\u043d\u0442\u043e\u0432 (\u0441\u0443\u043c\u043c\u0430\u0440\u043d\u043e), \u0430 \u0442\u0430\u043a \u0436\u0435 \u0434\u043b\u044f \u0441\u0432\u0430\u0440\u043a\u0438 Al-Si-Cu \u0441\u043f\u043b\u0430\u0432\u043e\u0432 \u0441 \u0434\u0440\u0443\u0433\u0438\u043c\u0438 \u0430\u043b\u044e\u043c\u0438\u043d\u0438\u0435\u0432\u044b\u043c\u0438 \u0441\u043f\u043b\u0430\u0432\u0430\u043c\u0438. \u0412\u044b\u0441\u043e\u043a\u043e\u0435 \u0441\u043e\u0434\u0435\u0440\u0436\u0430\u043d\u0438\u0435 \u043a\u0440\u0435\u043c\u043d\u0438\u044f \u0441\u043f\u043e\u0441\u043e\u0431\u0441\u0442\u0432\u0443\u0435\u0442 \u0445\u043e\u0440\u043e\u0448\u0435\u0439 \u0441\u043c\u0430\u0447\u0438\u0432\u0430\u0435\u043c\u043e\u0441\u0442\u0438 \u043a\u0440\u043e\u043c\u043e\u043a, \u0447\u0442\u043e \u0443\u043b\u0443\u0447\u0448\u0430\u0435\u0442 \u0441\u0432\u0430\u0440\u0438\u0432\u0430\u0435\u043c\u043e\u0441\u0442\u044c. [&hellip;]","og_url":"https:\/\/weldtrade.lv\/product\/aluminija-metinasanas-stieni-torros-5356-tig-16mm-l1000mm-almg5-art-303t165002\/","og_site_name":"Weldtrade.lv - metin\u0101\u0161anas iek\u0101rtas | TORROS","article_modified_time":"2025-08-25T09:20:26+00:00","og_image":[{"width":1000,"height":1000,"url":"https:\/\/weldtrade.lv\/wp-content\/uploads\/2025\/02\/a558a6f44ede11e981a97054d290892a_82ccae3dfcbb11ee810e0cc47a1468f3-1.jpg","type":"image\/jpeg"}],"twitter_card":"summary_large_image","schema":{"@context":"https:\/\/schema.org","@graph":[{"@type":"WebPage","@id":"https:\/\/weldtrade.lv\/product\/aluminija-metinasanas-stieni-torros-5356-tig-16mm-l1000mm-almg5-art-303t165002\/","url":"https:\/\/weldtrade.lv\/product\/aluminija-metinasanas-stieni-torros-5356-tig-16mm-l1000mm-almg5-art-303t165002\/","name":"\u041f\u0440\u0443\u0442\u043a\u0438 \u0430\u043b\u044e\u043c\u0438\u043d\u0438\u0435\u0432\u044b\u0435 TORROS 5356 TIG 1,6\u043c\u043c L=1000\u043c\u043c \u0442\u0443\u0431\u0443\u0441 5\u043a\u0433 AlMg5, \u0430\u0440\u0442.303T165002 (\u041a\u0438\u0442\u0430\u0439) | Weldtrade.lv - metin\u0101\u0161anas iek\u0101rtas | TORROS","isPartOf":{"@id":"https:\/\/weldtrade.lv\/#website"},"primaryImageOfPage":{"@id":"https:\/\/weldtrade.lv\/product\/aluminija-metinasanas-stieni-torros-5356-tig-16mm-l1000mm-almg5-art-303t165002\/#primaryimage"},"image":{"@id":"https:\/\/weldtrade.lv\/product\/aluminija-metinasanas-stieni-torros-5356-tig-16mm-l1000mm-almg5-art-303t165002\/#primaryimage"},"thumbnailUrl":"https:\/\/weldtrade.lv\/wp-content\/uploads\/2025\/02\/a558a6f44ede11e981a97054d290892a_82ccae3dfcbb11ee810e0cc47a1468f3-1.jpg","datePublished":"2025-05-30T09:35:15+00:00","dateModified":"2025-08-25T09:20:26+00:00","breadcrumb":{"@id":"https:\/\/weldtrade.lv\/product\/aluminija-metinasanas-stieni-torros-5356-tig-16mm-l1000mm-almg5-art-303t165002\/#breadcrumb"},"inLanguage":"ru-RU","potentialAction":[{"@type":"ReadAction","target":["https:\/\/weldtrade.lv\/product\/aluminija-metinasanas-stieni-torros-5356-tig-16mm-l1000mm-almg5-art-303t165002\/"]}]},{"@type":"ImageObject","inLanguage":"ru-RU","@id":"https:\/\/weldtrade.lv\/product\/aluminija-metinasanas-stieni-torros-5356-tig-16mm-l1000mm-almg5-art-303t165002\/#primaryimage","url":"https:\/\/weldtrade.lv\/wp-content\/uploads\/2025\/02\/a558a6f44ede11e981a97054d290892a_82ccae3dfcbb11ee810e0cc47a1468f3-1.jpg","contentUrl":"https:\/\/weldtrade.lv\/wp-content\/uploads\/2025\/02\/a558a6f44ede11e981a97054d290892a_82ccae3dfcbb11ee810e0cc47a1468f3-1.jpg","width":1000,"height":1000},{"@type":"BreadcrumbList","@id":"https:\/\/weldtrade.lv\/product\/aluminija-metinasanas-stieni-torros-5356-tig-16mm-l1000mm-almg5-art-303t165002\/#breadcrumb","itemListElement":[{"@type":"ListItem","position":1,"name":"\u0413\u043b\u0430\u0432\u043d\u0430\u044f","item":"https:\/\/weldtrade.lv\/"},{"@type":"ListItem","position":2,"name":"\u041a\u0430\u0442\u0430\u043b\u043e\u0433","item":"https:\/\/weldtrade.lv\/shop\/"},{"@type":"ListItem","position":3,"name":"\u041c\u0430\u0442\u0435\u0440\u0438\u0430\u043b\u044b","item":"https:\/\/weldtrade.lv\/materialy\/"},{"@type":"ListItem","position":4,"name":"\u041f\u0440\u043e\u0432\u043e\u043b\u043e\u043a\u0430 \u0441\u0432\u0430\u0440\u043e\u0447\u043d\u0430\u044f","item":"https:\/\/weldtrade.lv\/materialy\/provoloka-svarochnaya\/"},{"@type":"ListItem","position":5,"name":"\u0410\u043b\u044e\u043c\u0438\u043d\u0438\u0435\u0432\u0430\u044f \u043f\u0440\u043e\u0432\u043e\u043b\u043e\u043a\u0430 MIG","item":"https:\/\/weldtrade.lv\/materialy\/provoloka-svarochnaya\/alyuminievaya-provoloka-mig-i-prutki-tig\/"},{"@type":"ListItem","position":6,"name":"\u041f\u0440\u0443\u0442\u043a\u0438 \u0430\u043b\u044e\u043c\u0438\u043d\u0438\u0435\u0432\u044b\u0435 TORROS 5356 TIG 1,6\u043c\u043c L=1000\u043c\u043c \u0442\u0443\u0431\u0443\u0441 5\u043a\u0433 AlMg5, \u0430\u0440\u0442.303T165002 (\u041a\u0438\u0442\u0430\u0439)"}]},{"@type":"WebSite","@id":"https:\/\/weldtrade.lv\/#website","url":"https:\/\/weldtrade.lv\/","name":"Weldtrade.lv - metin\u0101\u0161anas iek\u0101rtas | TORROS","description":"","publisher":{"@id":"https:\/\/weldtrade.lv\/#organization"},"potentialAction":[{"@type":"SearchAction","target":{"@type":"EntryPoint","urlTemplate":"https:\/\/weldtrade.lv\/?s={search_term_string}"},"query-input":{"@type":"PropertyValueSpecification","valueRequired":true,"valueName":"search_term_string"}}],"inLanguage":"ru-RU"},{"@type":"Organization","@id":"https:\/\/weldtrade.lv\/#organization","name":"Weldtrade.lv - metin\u0101\u0161anas iek\u0101rtas | TORROS","url":"https:\/\/weldtrade.lv\/","logo":{"@type":"ImageObject","inLanguage":"ru-RU","@id":"https:\/\/weldtrade.lv\/#\/schema\/logo\/image\/","url":"https:\/\/weldtrade.lv\/wp-content\/uploads\/2025\/01\/wt_logo.webp","contentUrl":"https:\/\/weldtrade.lv\/wp-content\/uploads\/2025\/01\/wt_logo.webp","width":1804,"height":360,"caption":"Weldtrade.lv - metin\u0101\u0161anas iek\u0101rtas | TORROS"},"image":{"@id":"https:\/\/weldtrade.lv\/#\/schema\/logo\/image\/"}}]}},"_links":{"self":[{"href":"https:\/\/weldtrade.lv\/ru\/wp-json\/wp\/v2\/product\/6672","targetHints":{"allow":["GET"]}}],"collection":[{"href":"https:\/\/weldtrade.lv\/ru\/wp-json\/wp\/v2\/product"}],"about":[{"href":"https:\/\/weldtrade.lv\/ru\/wp-json\/wp\/v2\/types\/product"}],"replies":[{"embeddable":true,"href":"https:\/\/weldtrade.lv\/ru\/wp-json\/wp\/v2\/comments?post=6672"}],"wp:featuredmedia":[{"embeddable":true,"href":"https:\/\/weldtrade.lv\/ru\/wp-json\/wp\/v2\/media\/4879"}],"wp:attachment":[{"href":"https:\/\/weldtrade.lv\/ru\/wp-json\/wp\/v2\/media?parent=6672"}],"wp:term":[{"taxonomy":"product_brand","embeddable":true,"href":"https:\/\/weldtrade.lv\/ru\/wp-json\/wp\/v2\/product_brand?post=6672"},{"taxonomy":"product_cat","embeddable":true,"href":"https:\/\/weldtrade.lv\/ru\/wp-json\/wp\/v2\/product_cat?post=6672"},{"taxonomy":"product_tag","embeddable":true,"href":"https:\/\/weldtrade.lv\/ru\/wp-json\/wp\/v2\/product_tag?post=6672"}],"curies":[{"name":"wp","href":"https:\/\/api.w.org\/{rel}","templated":true}]}}