{"id":127,"date":"2025-01-31T10:36:20","date_gmt":"2025-01-31T07:36:20","guid":{"rendered":"https:\/\/weldtrade.lv\/wishsuite\/"},"modified":"2025-03-17T00:34:29","modified_gmt":"2025-03-16T21:34:29","slug":"wishlist","status":"publish","type":"page","link":"https:\/\/weldtrade.lv\/ru\/wishlist\/","title":{"rendered":"\u041e\u0442\u043b\u043e\u0436\u0435\u043d\u043d\u044b\u0435 \u0442\u043e\u0432\u0430\u0440\u044b"},"content":{"rendered":"\t\t<div data-elementor-type=\"wp-page\" data-elementor-id=\"127\" class=\"elementor elementor-127\" data-elementor-post-type=\"page\">\n\t\t\t\t<section class=\"elementor-element elementor-element-1b0c734 e-flex e-con-boxed e-con e-parent\" data-id=\"1b0c734\" data-element_type=\"container\" data-e-type=\"container\" id=\"wishlist-section\">\n\t\t\t\t\t<div class=\"e-con-inner\">\n\t\t\t\t<div class=\"elementor-element elementor-element-d173de2 elementor-widget elementor-widget-shortcode\" data-id=\"d173de2\" data-element_type=\"widget\" data-e-type=\"widget\" data-widget_type=\"shortcode.default\">\n\t\t\t\t\t\t\t<div class=\"elementor-shortcode\"><div class=\"wishsuite-table-content\">\n    <table class=\"wishsuite_table\">\n        <thead>\n            <tr><th>\u0418\u0437\u043e\u0431\u0440\u0430\u0436\u0435\u043d\u0438\u0435 \u0442\u043e\u0432\u0430\u0440\u0430<\/th><th>\u041d\u0430\u0437\u0432\u0430\u043d\u0438\u0435<\/th><th>\u0426\u0435\u043d\u0430<\/th><th>\u0410\u0440\u0442\u0438\u043a\u0443\u043b<\/th><th>\u0423\u0434\u0430\u043b\u0438\u0442\u044c<\/th><\/tr>        <\/thead>\n        <tbody>\n                            <tr>\n                    <td class=\"wishsuite-emplty-text\" colspan=\"5\">\n                        \u041a \u0441\u043e\u0436\u0430\u043b\u0435\u043d\u0438\u044e, \u0443 \u0412\u0430\u0441 \u0435\u0449\u0435 \u043d\u0435\u0442 \u043e\u0442\u043b\u043e\u0436\u0435\u043d\u043d\u044b\u0445 \u0442\u043e\u0432\u0430\u0440\u043e\u0432.                    <\/td>\n                <\/tr>\n                    <\/tbody>\n    <\/table>\n\n        \r\n<div class=\"wishsuite-social-share\">\r\n\t<span class=\"wishsuite-social-title\">\u041f\u043e\u0434\u0435\u043b\u0438\u0442\u044c\u0441\u044f:<\/span>\r\n\t<ul>\r\n\t\t\t\t\t\t<li>\r\n\t\t\t\t\t<a rel=\"nofollow\" href=\"https:\/\/telegram.me\/share\/url?url=https:\/\/weldtrade.lv\/ru\/wishlist\/?wishsuitepids=\" target=\"_blank\">\r\n\t\t\t\t\t\t<span class=\"wishsuite-social-icon\">\r\n\t\t\t\t\t\t\t<svg id=\"Bold\" enable-background=\"new 0 0 24 24\" height=\"512\" viewBox=\"0 0 24 24\" width=\"512\" xmlns=\"http:\/\/www.w3.org\/2000\/svg\">\n            <path d=\"m9.417 15.181-.397 5.584c.568 0 .814-.244 1.109-.537l2.663-2.545 5.518 4.041c1.012.564 1.725.267 1.998-.931l3.622-16.972.001-.001c.321-1.496-.541-2.081-1.527-1.714l-21.29 8.151c-1.453.564-1.431 1.374-.247 1.741l5.443 1.693 12.643-7.911c.595-.394 1.136-.176.691.218z\"\/><\/svg>\t\t\t\t\t\t<\/span>\r\n\t\t\t\t\t<\/a>\r\n\t\t\t\t<\/li>\r\n\t\t\t\t\t\t\t\t<li>\r\n\t\t\t\t\t<a rel=\"nofollow\" href=\"https:\/\/wa.me\/?text=https:\/\/weldtrade.lv\/ru\/wishlist\/?wishsuitepids=\" target=\"_blank\">\r\n\t\t\t\t\t\t<span class=\"wishsuite-social-icon\">\r\n\t\t\t\t\t\t\t<svg version=\"1.1\" id=\"Capa_1\" xmlns=\"http:\/\/www.w3.org\/2000\/svg\" xmlns:xlink=\"http:\/\/www.w3.org\/1999\/xlink\" x=\"0px\" y=\"0px\"\n            viewBox=\"0 0 52 52\" style=\"enable-background:new 0 0 52 52;\" xml:space=\"preserve\">\n            <g><path d=\"M26,0C11.663,0,0,11.663,0,26c0,4.891,1.359,9.639,3.937,13.762C2.91,43.36,1.055,50.166,1.035,50.237 c-0.096,0.352,0.007,0.728,0.27,0.981c0.263,0.253,0.643,0.343,0.989,0.237L12.6,48.285C16.637,50.717,21.26,52,26,52 c14.337,0,26-11.663,26-26S40.337,0,26,0z M26,50c-4.519,0-8.921-1.263-12.731-3.651c-0.161-0.101-0.346-0.152-0.531-0.152 c-0.099,0-0.198,0.015-0.294,0.044l-8.999,2.77c0.661-2.413,1.849-6.729,2.538-9.13c0.08-0.278,0.035-0.578-0.122-0.821 C3.335,35.173,2,30.657,2,26C2,12.767,12.767,2,26,2s24,10.767,24,24S39.233,50,26,50z\"\/><path d=\"M42.985,32.126c-1.846-1.025-3.418-2.053-4.565-2.803c-0.876-0.572-1.509-0.985-1.973-1.218 c-1.297-0.647-2.28-0.19-2.654,0.188c-0.047,0.047-0.089,0.098-0.125,0.152c-1.347,2.021-3.106,3.954-3.621,4.058 c-0.595-0.093-3.38-1.676-6.148-3.981c-2.826-2.355-4.604-4.61-4.865-6.146C20.847,20.51,21.5,19.336,21.5,18 c0-1.377-3.212-7.126-3.793-7.707c-0.583-0.582-1.896-0.673-3.903-0.273c-0.193,0.039-0.371,0.134-0.511,0.273 c-0.243,0.243-5.929,6.04-3.227,13.066c2.966,7.711,10.579,16.674,20.285,18.13c1.103,0.165,2.137,0.247,3.105,0.247 c5.71,0,9.08-2.873,10.029-8.572C43.556,32.747,43.355,32.331,42.985,32.126z M30.648,39.511 c-10.264-1.539-16.729-11.708-18.715-16.87c-1.97-5.12,1.663-9.685,2.575-10.717c0.742-0.126,1.523-0.179,1.849-0.128 c0.681,0.947,3.039,5.402,3.143,6.204c0,0.525-0.171,1.256-2.207,3.293C17.105,21.48,17,21.734,17,22c0,5.236,11.044,12.5,13,12.5 c1.701,0,3.919-2.859,5.182-4.722c0.073,0.003,0.196,0.028,0.371,0.116c0.36,0.181,0.984,0.588,1.773,1.104 c1.042,0.681,2.426,1.585,4.06,2.522C40.644,37.09,38.57,40.701,30.648,39.511z\"\/><\/g><\/svg>\t\t\t\t\t\t<\/span>\r\n\t\t\t\t\t<\/a>\r\n\t\t\t\t<\/li>\r\n\t\t\t\t\t\t\t\t<li>\r\n\t\t\t\t\t<a rel=\"nofollow\" href=\"https:\/\/vk.com\/share.php?url=https:\/\/weldtrade.lv\/ru\/wishlist\/?wishsuitepids=\" target=\"_blank\">\r\n\t\t\t\t\t\t<span class=\"wishsuite-social-icon\">\r\n\t\t\t\t\t\t\t<svg version=\"1.1\" id=\"Capa_1\" xmlns=\"http:\/\/www.w3.org\/2000\/svg\" xmlns:xlink=\"http:\/\/www.w3.org\/1999\/xlink\" x=\"0px\" y=\"0px\" viewBox=\"0 0 511.962 511.962\"       \n            style=\"enable-background:new 0 0 511.962 511.962;\" xml:space=\"preserve\">\n            <g><path d=\"M507.399,370.471c-1.376-2.304-9.888-20.8-50.848-58.816c-42.88-39.808-37.12-33.344,14.528-102.176 c31.456-41.92,44.032-67.52,40.096-78.464c-3.744-10.432-26.88-7.68-26.88-7.68l-76.928,0.448c0,0-5.696-0.768-9.952,1.76 c-4.128,2.496-6.784,8.256-6.784,8.256s-12.192,32.448-28.448,60.032c-34.272,58.208-48,61.28-53.6,57.664 c-13.024-8.416-9.76-33.856-9.76-51.904c0-56.416,8.544-79.936-16.672-86.016c-8.384-2.016-14.528-3.36-35.936-3.584 c-27.456-0.288-50.72,0.096-63.872,6.528c-8.768,4.288-15.52,13.856-11.392,14.4c5.088,0.672,16.608,3.104,22.72,11.424 c7.904,10.72,7.616,34.848,7.616,34.848s4.544,66.4-10.592,74.656c-10.4,5.664-24.64-5.888-55.2-58.72 c-15.648-27.04-27.488-56.96-27.488-56.96s-2.272-5.568-6.336-8.544c-4.928-3.616-11.84-4.768-11.84-4.768l-73.152,0.448 c0,0-10.976,0.32-15.008,5.088c-3.584,4.256-0.288,13.024-0.288,13.024s57.28,133.984,122.112,201.536 c59.488,61.92,127.008,57.856,127.008,57.856h30.592c0,0,9.248-1.024,13.952-6.112c4.352-4.672,4.192-13.44,4.192-13.44 s-0.608-41.056,18.464-47.104c18.784-5.952,42.912,39.68,68.48,57.248c19.328,13.28,34.016,10.368,34.016,10.368l68.384-0.96 C488.583,400.807,524.359,398.599,507.399,370.471z\"\/><\/g><\/svg>\t\t\t\t\t\t<\/span>\r\n\t\t\t\t\t<\/a>\r\n\t\t\t\t<\/li>\r\n\t\t\t\t\t\t\t\t<li>\r\n\t\t\t\t\t<a rel=\"nofollow\" href=\"https:\/\/www.odnoklassniki.ru\/dk?st.cmd=addShare&#038;st.s=1&#038;st._surl=https:\/\/weldtrade.lv\/ru\/wishlist\/?wishsuitepids=\" target=\"_blank\">\r\n\t\t\t\t\t\t<span class=\"wishsuite-social-icon\">\r\n\t\t\t\t\t\t\t<svg id=\"Bold\" enable-background=\"new 0 0 24 24\" height=\"512\" viewBox=\"0 0 24 24\" width=\"512\" xmlns=\"http:\/\/www.w3.org\/2000\/svg\">\n            <path d=\"m4.721 12.881c-.613 1.205.083 1.781 1.671 2.765 1.35.834 3.215 1.139 4.413 1.261-.491.472 1.759-1.692-4.721 4.541-1.374 1.317.838 3.43 2.211 2.141l3.717-3.585c1.423 1.369 2.787 2.681 3.717 3.59 1.374 1.294 3.585-.801 2.226-2.141-.102-.097-5.037-4.831-4.736-4.541 1.213-.122 3.05-.445 4.384-1.261l-.001-.001c1.588-.989 2.284-1.564 1.68-2.769-.365-.684-1.349-1.256-2.659-.267 0 0-1.769 1.355-4.622 1.355-2.854 0-4.622-1.355-4.622-1.355-1.309-.994-2.297-.417-2.658.267z\"\/><path d=\"m11.999 12.142c3.478 0 6.318-2.718 6.318-6.064 0-3.36-2.84-6.078-6.318-6.078-3.479 0-6.319 2.718-6.319 6.078 0 3.346 2.84 6.064 6.319 6.064zm0-9.063c1.709 0 3.103 1.341 3.103 2.999 0 1.644-1.394 2.985-3.103 2.985s-3.103-1.341-3.103-2.985c-.001-1.659 1.393-2.999 3.103-2.999z\"\/><\/svg>\t\t\t\t\t\t<\/span>\r\n\t\t\t\t\t<\/a>\r\n\t\t\t\t<\/li>\r\n\t\t\t\t\t\t\t\t<li>\r\n\t\t\t\t\t<a rel=\"nofollow\" href=\"https:\/\/www.facebook.com\/sharer\/sharer.php?u=https:\/\/weldtrade.lv\/ru\/wishlist\/?wishsuitepids=\" target=\"_blank\">\r\n\t\t\t\t\t\t<span class=\"wishsuite-social-icon\">\r\n\t\t\t\t\t\t\t<svg id=\"Bold\" enable-background=\"new 0 0 24 24\" height=\"512\" viewBox=\"0 0 24 24\" width=\"512\" xmlns=\"http:\/\/www.w3.org\/2000\/svg\">\n            <path d=\"m15.997 3.985h2.191v-3.816c-.378-.052-1.678-.169-3.192-.169-3.159 0-5.323 1.987-5.323 5.639v3.361h-3.486v4.266h3.486v10.734h4.274v-10.733h3.345l.531-4.266h-3.877v-2.939c.001-1.233.333-2.077 2.051-2.077z\"\/><\/svg>\t\t\t\t\t\t<\/span>\r\n\t\t\t\t\t<\/a>\r\n\t\t\t\t<\/li>\r\n\t\t\t\t\t<\/ul>\r\n<\/div>\r\n\n    <div class=\"wishsuite-table-content-loader\"><\/div>\n<\/div><\/div>\n\t\t\t\t\t\t<\/div>\n\t\t\t\t\t<\/div>\n\t\t\t\t<\/section>\n\t\t\t\t<\/div>\n\t\t","protected":false},"excerpt":{"rendered":"","protected":false},"author":1,"featured_media":0,"parent":0,"menu_order":0,"comment_status":"closed","ping_status":"closed","template":"","meta":{"_acf_changed":false,"footnotes":""},"class_list":["post-127","page","type-page","status-publish","hentry"],"acf":[],"yoast_head":"<!-- This site is optimized with the Yoast SEO plugin v27.4 - https:\/\/yoast.com\/product\/yoast-seo-wordpress\/ -->\n<title>\u041e\u0442\u043b\u043e\u0436\u0435\u043d\u043d\u044b\u0435 \u0442\u043e\u0432\u0430\u0440\u044b | Weldtrade.lv - metin\u0101\u0161anas iek\u0101rtas | TORROS<\/title>\n<meta name=\"robots\" content=\"index, follow, max-snippet:-1, max-image-preview:large, max-video-preview:-1\" \/>\n<link rel=\"canonical\" href=\"https:\/\/weldtrade.lv\/wishlist\/\" \/>\n<meta property=\"og:locale\" content=\"ru_RU\" \/>\n<meta property=\"og:type\" content=\"article\" \/>\n<meta property=\"og:title\" content=\"\u041e\u0442\u043b\u043e\u0436\u0435\u043d\u043d\u044b\u0435 \u0442\u043e\u0432\u0430\u0440\u044b | Weldtrade.lv - metin\u0101\u0161anas iek\u0101rtas | TORROS\" \/>\n<meta property=\"og:url\" content=\"https:\/\/weldtrade.lv\/wishlist\/\" \/>\n<meta property=\"og:site_name\" content=\"Weldtrade.lv - metin\u0101\u0161anas iek\u0101rtas | TORROS\" \/>\n<meta property=\"article:modified_time\" content=\"2025-03-16T21:34:29+00:00\" \/>\n<meta name=\"twitter:card\" content=\"summary_large_image\" \/>\n<meta name=\"twitter:label1\" content=\"\u041f\u0440\u0438\u043c\u0435\u0440\u043d\u043e\u0435 \u0432\u0440\u0435\u043c\u044f \u0434\u043b\u044f \u0447\u0442\u0435\u043d\u0438\u044f\" \/>\n\t<meta name=\"twitter:data1\" content=\"1 \u043c\u0438\u043d\u0443\u0442\u0430\" \/>\n<script type=\"application\/ld+json\" class=\"yoast-schema-graph\">{\"@context\":\"https:\\\/\\\/schema.org\",\"@graph\":[{\"@type\":\"WebPage\",\"@id\":\"https:\\\/\\\/weldtrade.lv\\\/wishlist\\\/\",\"url\":\"https:\\\/\\\/weldtrade.lv\\\/wishlist\\\/\",\"name\":\"\u041e\u0442\u043b\u043e\u0436\u0435\u043d\u043d\u044b\u0435 \u0442\u043e\u0432\u0430\u0440\u044b | Weldtrade.lv - metin\u0101\u0161anas iek\u0101rtas | TORROS\",\"isPartOf\":{\"@id\":\"https:\\\/\\\/weldtrade.lv\\\/#website\"},\"datePublished\":\"2025-01-31T07:36:20+00:00\",\"dateModified\":\"2025-03-16T21:34:29+00:00\",\"breadcrumb\":{\"@id\":\"https:\\\/\\\/weldtrade.lv\\\/wishlist\\\/#breadcrumb\"},\"inLanguage\":\"ru-RU\",\"potentialAction\":[{\"@type\":\"ReadAction\",\"target\":[\"https:\\\/\\\/weldtrade.lv\\\/wishlist\\\/\"]}]},{\"@type\":\"BreadcrumbList\",\"@id\":\"https:\\\/\\\/weldtrade.lv\\\/wishlist\\\/#breadcrumb\",\"itemListElement\":[{\"@type\":\"ListItem\",\"position\":1,\"name\":\"\u0413\u043b\u0430\u0432\u043d\u0430\u044f\",\"item\":\"https:\\\/\\\/weldtrade.lv\\\/\"},{\"@type\":\"ListItem\",\"position\":2,\"name\":\"\u041e\u0442\u043b\u043e\u0436\u0435\u043d\u043d\u044b\u0435 \u0442\u043e\u0432\u0430\u0440\u044b\"}]},{\"@type\":\"WebSite\",\"@id\":\"https:\\\/\\\/weldtrade.lv\\\/#website\",\"url\":\"https:\\\/\\\/weldtrade.lv\\\/\",\"name\":\"Weldtrade.lv - metin\u0101\u0161anas iek\u0101rtas | TORROS\",\"description\":\"\",\"publisher\":{\"@id\":\"https:\\\/\\\/weldtrade.lv\\\/#organization\"},\"potentialAction\":[{\"@type\":\"SearchAction\",\"target\":{\"@type\":\"EntryPoint\",\"urlTemplate\":\"https:\\\/\\\/weldtrade.lv\\\/?s={search_term_string}\"},\"query-input\":{\"@type\":\"PropertyValueSpecification\",\"valueRequired\":true,\"valueName\":\"search_term_string\"}}],\"inLanguage\":\"ru-RU\"},{\"@type\":\"Organization\",\"@id\":\"https:\\\/\\\/weldtrade.lv\\\/#organization\",\"name\":\"Weldtrade.lv - metin\u0101\u0161anas iek\u0101rtas | TORROS\",\"url\":\"https:\\\/\\\/weldtrade.lv\\\/\",\"logo\":{\"@type\":\"ImageObject\",\"inLanguage\":\"ru-RU\",\"@id\":\"https:\\\/\\\/weldtrade.lv\\\/#\\\/schema\\\/logo\\\/image\\\/\",\"url\":\"https:\\\/\\\/weldtrade.lv\\\/wp-content\\\/uploads\\\/2025\\\/01\\\/wt_logo.webp\",\"contentUrl\":\"https:\\\/\\\/weldtrade.lv\\\/wp-content\\\/uploads\\\/2025\\\/01\\\/wt_logo.webp\",\"width\":1804,\"height\":360,\"caption\":\"Weldtrade.lv - metin\u0101\u0161anas iek\u0101rtas | TORROS\"},\"image\":{\"@id\":\"https:\\\/\\\/weldtrade.lv\\\/#\\\/schema\\\/logo\\\/image\\\/\"}}]}<\/script>\n<!-- \/ Yoast SEO plugin. -->","yoast_head_json":{"title":"\u041e\u0442\u043b\u043e\u0436\u0435\u043d\u043d\u044b\u0435 \u0442\u043e\u0432\u0430\u0440\u044b | Weldtrade.lv - metin\u0101\u0161anas iek\u0101rtas | TORROS","robots":{"index":"index","follow":"follow","max-snippet":"max-snippet:-1","max-image-preview":"max-image-preview:large","max-video-preview":"max-video-preview:-1"},"canonical":"https:\/\/weldtrade.lv\/wishlist\/","og_locale":"ru_RU","og_type":"article","og_title":"\u041e\u0442\u043b\u043e\u0436\u0435\u043d\u043d\u044b\u0435 \u0442\u043e\u0432\u0430\u0440\u044b | Weldtrade.lv - metin\u0101\u0161anas iek\u0101rtas | TORROS","og_url":"https:\/\/weldtrade.lv\/wishlist\/","og_site_name":"Weldtrade.lv - metin\u0101\u0161anas iek\u0101rtas | TORROS","article_modified_time":"2025-03-16T21:34:29+00:00","twitter_card":"summary_large_image","twitter_misc":{"\u041f\u0440\u0438\u043c\u0435\u0440\u043d\u043e\u0435 \u0432\u0440\u0435\u043c\u044f \u0434\u043b\u044f \u0447\u0442\u0435\u043d\u0438\u044f":"1 \u043c\u0438\u043d\u0443\u0442\u0430"},"schema":{"@context":"https:\/\/schema.org","@graph":[{"@type":"WebPage","@id":"https:\/\/weldtrade.lv\/wishlist\/","url":"https:\/\/weldtrade.lv\/wishlist\/","name":"\u041e\u0442\u043b\u043e\u0436\u0435\u043d\u043d\u044b\u0435 \u0442\u043e\u0432\u0430\u0440\u044b | Weldtrade.lv - metin\u0101\u0161anas iek\u0101rtas | TORROS","isPartOf":{"@id":"https:\/\/weldtrade.lv\/#website"},"datePublished":"2025-01-31T07:36:20+00:00","dateModified":"2025-03-16T21:34:29+00:00","breadcrumb":{"@id":"https:\/\/weldtrade.lv\/wishlist\/#breadcrumb"},"inLanguage":"ru-RU","potentialAction":[{"@type":"ReadAction","target":["https:\/\/weldtrade.lv\/wishlist\/"]}]},{"@type":"BreadcrumbList","@id":"https:\/\/weldtrade.lv\/wishlist\/#breadcrumb","itemListElement":[{"@type":"ListItem","position":1,"name":"\u0413\u043b\u0430\u0432\u043d\u0430\u044f","item":"https:\/\/weldtrade.lv\/"},{"@type":"ListItem","position":2,"name":"\u041e\u0442\u043b\u043e\u0436\u0435\u043d\u043d\u044b\u0435 \u0442\u043e\u0432\u0430\u0440\u044b"}]},{"@type":"WebSite","@id":"https:\/\/weldtrade.lv\/#website","url":"https:\/\/weldtrade.lv\/","name":"Weldtrade.lv - metin\u0101\u0161anas iek\u0101rtas | TORROS","description":"","publisher":{"@id":"https:\/\/weldtrade.lv\/#organization"},"potentialAction":[{"@type":"SearchAction","target":{"@type":"EntryPoint","urlTemplate":"https:\/\/weldtrade.lv\/?s={search_term_string}"},"query-input":{"@type":"PropertyValueSpecification","valueRequired":true,"valueName":"search_term_string"}}],"inLanguage":"ru-RU"},{"@type":"Organization","@id":"https:\/\/weldtrade.lv\/#organization","name":"Weldtrade.lv - metin\u0101\u0161anas iek\u0101rtas | TORROS","url":"https:\/\/weldtrade.lv\/","logo":{"@type":"ImageObject","inLanguage":"ru-RU","@id":"https:\/\/weldtrade.lv\/#\/schema\/logo\/image\/","url":"https:\/\/weldtrade.lv\/wp-content\/uploads\/2025\/01\/wt_logo.webp","contentUrl":"https:\/\/weldtrade.lv\/wp-content\/uploads\/2025\/01\/wt_logo.webp","width":1804,"height":360,"caption":"Weldtrade.lv - metin\u0101\u0161anas iek\u0101rtas | TORROS"},"image":{"@id":"https:\/\/weldtrade.lv\/#\/schema\/logo\/image\/"}}]}},"_links":{"self":[{"href":"https:\/\/weldtrade.lv\/ru\/wp-json\/wp\/v2\/pages\/127","targetHints":{"allow":["GET"]}}],"collection":[{"href":"https:\/\/weldtrade.lv\/ru\/wp-json\/wp\/v2\/pages"}],"about":[{"href":"https:\/\/weldtrade.lv\/ru\/wp-json\/wp\/v2\/types\/page"}],"author":[{"embeddable":true,"href":"https:\/\/weldtrade.lv\/ru\/wp-json\/wp\/v2\/users\/1"}],"replies":[{"embeddable":true,"href":"https:\/\/weldtrade.lv\/ru\/wp-json\/wp\/v2\/comments?post=127"}],"version-history":[{"count":0,"href":"https:\/\/weldtrade.lv\/ru\/wp-json\/wp\/v2\/pages\/127\/revisions"}],"wp:attachment":[{"href":"https:\/\/weldtrade.lv\/ru\/wp-json\/wp\/v2\/media?parent=127"}],"curies":[{"name":"wp","href":"https:\/\/api.w.org\/{rel}","templated":true}]}}